{"id":10618,"date":"2023-03-14T07:16:52","date_gmt":"2023-03-14T07:16:52","guid":{"rendered":"https:\/\/cefrepa.cnrs.fr\/?page_id=10618"},"modified":"2023-03-14T07:20:44","modified_gmt":"2023-03-14T07:20:44","slug":"open-edition-e-books","status":"publish","type":"page","link":"https:\/\/cefrepa.cnrs.fr\/ar\/open-edition-e-books\/","title":{"rendered":"\u0627\u0644\u0643\u062a\u0628 \u0627\u0644\u0625\u0644\u0643\u062a\u0631\u0648\u0646\u064a\u0629 \u0630\u0627\u062a \u0627\u0644\u0625\u0635\u062f\u0627\u0631 \u0627\u0644\u0645\u0641\u062a\u0648\u062d(open-edition-e-books)"},"content":{"rendered":"\t\t<div data-elementor-type=\"wp-page\" data-elementor-id=\"10618\" class=\"elementor elementor-10618\">\n\t\t\t\t\t\t\t\t\t<section class=\"elementor-section elementor-top-section elementor-element elementor-element-777cb501 elementor-section-full_width elementor-section-stretched elementor-section-height-default elementor-section-height-default\" data-id=\"777cb501\" data-element_type=\"section\" data-settings=\"{&quot;stretch_section&quot;:&quot;section-stretched&quot;,&quot;background_background&quot;:&quot;classic&quot;}\">\n\t\t\t\t\t\t\t<div class=\"elementor-background-overlay\"><\/div>\n\t\t\t\t\t\t\t<div class=\"elementor-container elementor-column-gap-default\">\n\t\t\t\t\t<div class=\"elementor-column elementor-col-100 elementor-top-column elementor-element elementor-element-d424a3a\" data-id=\"d424a3a\" data-element_type=\"column\">\n\t\t\t<div class=\"elementor-widget-wrap elementor-element-populated\">\n\t\t\t\t\t\t\t\t<div class=\"elementor-element elementor-element-46068e62 elementor-widget elementor-widget-heading\" data-id=\"46068e62\" data-element_type=\"widget\" data-widget_type=\"heading.default\">\n\t\t\t\t<div class=\"elementor-widget-container\">\n\t\t\t<style>\/*! elementor - v3.18.0 - 20-12-2023 *\/\n.elementor-heading-title{padding:0;margin:0;line-height:1}.elementor-widget-heading .elementor-heading-title[class*=elementor-size-]>a{color:inherit;font-size:inherit;line-height:inherit}.elementor-widget-heading .elementor-heading-title.elementor-size-small{font-size:15px}.elementor-widget-heading .elementor-heading-title.elementor-size-medium{font-size:19px}.elementor-widget-heading .elementor-heading-title.elementor-size-large{font-size:29px}.elementor-widget-heading .elementor-heading-title.elementor-size-xl{font-size:39px}.elementor-widget-heading .elementor-heading-title.elementor-size-xxl{font-size:59px}<\/style><h2 class=\"elementor-heading-title elementor-size-default\">\u0627\u0644\u0643\u062a\u0628 \u0627\u0644\u0625\u0644\u0643\u062a\u0631\u0648\u0646\u064a\u0629 \u0630\u0627\u062a \u0627\u0644\u0625\u0635\u062f\u0627\u0631 \u0627\u0644\u0645\u0641\u062a\u0648\u062d<\/h2>\t\t<\/div>\n\t\t\t\t<\/div>\n\t\t\t\t\t<\/div>\n\t\t<\/div>\n\t\t\t\t\t\t\t<\/div>\n\t\t<\/section>\n\t\t\t\t<section class=\"elementor-section elementor-top-section elementor-element elementor-element-967c455 elementor-section-full_width elementor-section-stretched elementor-section-height-default elementor-section-height-default\" data-id=\"967c455\" data-element_type=\"section\" data-settings=\"{&quot;stretch_section&quot;:&quot;section-stretched&quot;,&quot;background_background&quot;:&quot;classic&quot;}\">\n\t\t\t\t\t\t<div class=\"elementor-container elementor-column-gap-default\">\n\t\t\t\t\t<div class=\"elementor-column elementor-col-100 elementor-top-column elementor-element elementor-element-2f3a330 elementor-invisible\" data-id=\"2f3a330\" data-element_type=\"column\" data-settings=\"{&quot;animation&quot;:&quot;fadeInLeft&quot;,&quot;background_background&quot;:&quot;classic&quot;}\">\n\t\t\t<div class=\"elementor-widget-wrap elementor-element-populated\">\n\t\t\t\t\t\t\t\t<div class=\"elementor-element elementor-element-7866578 elementor-widget elementor-widget-loquet-heading-widget\" data-id=\"7866578\" data-element_type=\"widget\" data-widget_type=\"loquet-heading-widget.default\">\n\t\t\t\t<div class=\"elementor-widget-container\">\n\t\t\t<div class=\"gt-module-title gt-style-1 gt-align-center gt-light\"><div class=\"gt-title\">Paru chez nos partenaires<\/div><\/div>\t\t<\/div>\n\t\t\t\t<\/div>\n\t\t\t\t<div class=\"elementor-element elementor-element-9f732d9 elementor-widget elementor-widget-loquet-exhibitions-widget\" data-id=\"9f732d9\" data-element_type=\"widget\" data-widget_type=\"loquet-exhibitions-widget.default\">\n\t\t\t\t<div class=\"elementor-widget-container\">\n\t\t\t<div class=\"gt-exhibitions-listing gt-style-6 gt-light gt-align-center\"><div class=\"gt-grid gt-grid-3 gt-spacing-5\"><div class=\"gt-grid-col\"><div class=\"gt-item\"><div class=\"gt-image\"><a href=\"https:\/\/cefrepa.cnrs.fr\/ar\/exhibition\/%d8%a7%d9%84%d9%8a%d9%85%d9%86-%d9%85%d9%88%d8%b7%d9%86-%d8%a7%d9%84%d8%a2%d8%ab%d8%a7%d8%b1-yemen-terre-darcheologie-under-the-direction-of-%d8%ac%d9%8a%d9%88%d9%85-%d8%b4%d8%a7%d8%b1%d9%84\/\"><img decoding=\"async\" width=\"200\" height=\"157\" src=\"https:\/\/cefrepa.cnrs.fr\/wp-content\/uploads\/2025\/09\/200yta_couv_24x32_recto.png\" class=\"attachment-full size-full wp-post-image\" alt=\"\" \/><\/a><\/div><div class=\"gt-content\"><div class=\"gt-title\"><a href=\"https:\/\/cefrepa.cnrs.fr\/ar\/exhibition\/%d8%a7%d9%84%d9%8a%d9%85%d9%86-%d9%85%d9%88%d8%b7%d9%86-%d8%a7%d9%84%d8%a2%d8%ab%d8%a7%d8%b1-yemen-terre-darcheologie-under-the-direction-of-%d8%ac%d9%8a%d9%88%d9%85-%d8%b4%d8%a7%d8%b1%d9%84\/\">\u0627\u0644\u064a\u0645\u0646 \u0645\u0648\u0637\u0646 \u0627\u0644\u0622\u062b\u0627\u0631 &#8211; Y\u00e9men terre d&#8217;arch\u00e9ologie  Under the direction of \u062c\u064a\u0648\u0645 \u0634\u0627\u0631\u0644\u0648 and \u062c\u064a\u0631\u064a\u0645\u064a \u0634\u064a\u062a\u0643\u0627\u062a<\/a><\/div><\/div><\/div><\/div><div class=\"gt-grid-col\"><div class=\"gt-item\"><div class=\"gt-image\"><a href=\"https:\/\/cefrepa.cnrs.fr\/ar\/exhibition\/women-and-civil-society-capacity-building-in-yemen-a-research-perspective-on-development-maggy-grabundzija-and-blandine-destremau-2\/\"><img fetchpriority=\"high\" decoding=\"async\" width=\"200\" height=\"289\" src=\"https:\/\/cefrepa.cnrs.fr\/wp-content\/uploads\/2025\/09\/200cefas-4887-img01.jpg\" class=\"attachment-full size-full wp-post-image\" alt=\"\" \/><\/a><\/div><div class=\"gt-content\"><div class=\"gt-title\"><a href=\"https:\/\/cefrepa.cnrs.fr\/ar\/exhibition\/women-and-civil-society-capacity-building-in-yemen-a-research-perspective-on-development-maggy-grabundzija-and-blandine-destremau-2\/\">Women and Civil Society: Capacity Building in Yemen A Research Perspective on Development  Maggy Grabundzija and Blandine Destremau<\/a><\/div><\/div><\/div><\/div><div class=\"gt-grid-col\"><div class=\"gt-item\"><div class=\"gt-image\"><a href=\"https:\/\/cefrepa.cnrs.fr\/ar\/exhibition\/art-rupestre-et-peuplements-prehistoriques-au-yemen-marie-louise-inizan-and-madiha-rachad-3\/\"><img decoding=\"async\" width=\"200\" height=\"284\" src=\"https:\/\/cefrepa.cnrs.fr\/wp-content\/uploads\/2025\/09\/200art_rupestre_couv-1.jpg\" class=\"attachment-full size-full wp-post-image\" alt=\"\" \/><\/a><\/div><div class=\"gt-content\"><div class=\"gt-title\"><a href=\"https:\/\/cefrepa.cnrs.fr\/ar\/exhibition\/art-rupestre-et-peuplements-prehistoriques-au-yemen-marie-louise-inizan-and-madiha-rachad-3\/\">\u0641\u0646 \u0627\u0644\u0631\u0633\u0648\u0645 \u0627\u0644\u0635\u062e\u0631\u064a\u0629 \u0648\u0627\u0633\u062a\u064a\u0637\u0627\u0646 \u0627\u0644\u064a\u0645\u0646 \u0641\u064a \u0639\u0635\u0648\u0631 \u0645\u0627 \u0642\u0628\u0644 \u0627\u0644\u062a\u0627\u0631\u064a\u062e<\/a><\/div><\/div><\/div><\/div><div class=\"gt-grid-col\"><div class=\"gt-item\"><div class=\"gt-image\"><a href=\"https:\/\/cefrepa.cnrs.fr\/ar\/exhibition\/societe-civile-associations-et-pouvoir-local-au-yemen-civil-society-associations-and-local-governance-in-yemen-under-the-direction-of-sarah-ben-nefissa-maggy-grabundzija-and\/\"><img loading=\"lazy\" decoding=\"async\" width=\"200\" height=\"292\" src=\"https:\/\/cefrepa.cnrs.fr\/wp-content\/uploads\/2025\/09\/200societe_civile_2008.png\" class=\"attachment-full size-full wp-post-image\" alt=\"\" \/><\/a><\/div><div class=\"gt-content\"><div class=\"gt-title\"><a href=\"https:\/\/cefrepa.cnrs.fr\/ar\/exhibition\/societe-civile-associations-et-pouvoir-local-au-yemen-civil-society-associations-and-local-governance-in-yemen-under-the-direction-of-sarah-ben-nefissa-maggy-grabundzija-and\/\">Soci\u00e9t\u00e9 civile, associations et pouvoir local au Y\u00e9men &#8211; Civil Society, Associations and Local Governance in Yemen  Under the direction of\u00a0Sarah Ben Nefissa,\u00a0Maggy Grabundzija\u00a0and\u00a0Jean Lambert<\/a><\/div><\/div><\/div><\/div><div class=\"gt-grid-col\"><div class=\"gt-item\"><div class=\"gt-image\"><a href=\"https:\/\/cefrepa.cnrs.fr\/ar\/exhibition\/art-rupestre-et-peuplements-prehistoriques-au-yemen-marie-louise-inizan-and-madiha-rachad-2\/\"><img loading=\"lazy\" decoding=\"async\" width=\"200\" height=\"284\" src=\"https:\/\/cefrepa.cnrs.fr\/wp-content\/uploads\/2025\/10\/2001e_de_couv.jpg\" class=\"attachment-full size-full wp-post-image\" alt=\"\" \/><\/a><\/div><div class=\"gt-content\"><div class=\"gt-title\"><a href=\"https:\/\/cefrepa.cnrs.fr\/ar\/exhibition\/art-rupestre-et-peuplements-prehistoriques-au-yemen-marie-louise-inizan-and-madiha-rachad-2\/\">Art rupestre et peuplements pr\u00e9historiques au Y\u00e9men Marie-Louise Inizan and Madiha Rachad<\/a><\/div><\/div><\/div><\/div><div class=\"gt-grid-col\"><div class=\"gt-item\"><div class=\"gt-image\"><a href=\"https:\/\/cefrepa.cnrs.fr\/ar\/exhibition\/la-liberte-dassociation-au-yemen-une-compilation-de-la-legislation-relative-aux-associations-et-aux-fondations-anais-casanova-and-guillaume-jeu-francais-english\/\"><img loading=\"lazy\" decoding=\"async\" width=\"200\" height=\"288\" src=\"https:\/\/cefrepa.cnrs.fr\/wp-content\/uploads\/2025\/10\/200casanova_jeu_2007.jpg\" class=\"attachment-full size-full wp-post-image\" alt=\"\" \/><\/a><\/div><div class=\"gt-content\"><div class=\"gt-title\"><a href=\"https:\/\/cefrepa.cnrs.fr\/ar\/exhibition\/la-liberte-dassociation-au-yemen-une-compilation-de-la-legislation-relative-aux-associations-et-aux-fondations-anais-casanova-and-guillaume-jeu-francais-english\/\">La libert\u00e9 d\u2019association au Y\u00e9men Une compilation de la l\u00e9gislation relative aux associations et aux fondations  Ana\u00efs Casanova and Guillaume Jeu<\/a><\/div><\/div><\/div><\/div><div class=\"gt-grid-col\"><div class=\"gt-item\"><div class=\"gt-image\"><a href=\"https:\/\/cefrepa.cnrs.fr\/ar\/exhibition\/savoirs-locaux-et-agriculture-durable-au-yemen\/\"><img loading=\"lazy\" decoding=\"async\" width=\"200\" height=\"330\" src=\"https:\/\/cefrepa.cnrs.fr\/wp-content\/uploads\/2025\/09\/200couv.jpg\" class=\"attachment-full size-full wp-post-image\" alt=\"\" \/><\/a><\/div><div class=\"gt-content\"><div class=\"gt-title\"><a href=\"https:\/\/cefrepa.cnrs.fr\/ar\/exhibition\/savoirs-locaux-et-agriculture-durable-au-yemen\/\">Savoirs locaux et agriculture durable au Y\u00e9men &#8211; S\u00e9minaire \u2018Place des pratiques et techniques anciennes dans l\u2019agriculture y\u00e9m\u00e9nite d\u2019aujourd\u2019hui : probl\u00e8mes et perspectives\u2019, Sanaa, juin 2000<\/a><\/div><\/div><\/div><\/div><div class=\"gt-grid-col\"><div class=\"gt-item\"><div class=\"gt-image\"><a href=\"https:\/\/cefrepa.cnrs.fr\/ar\/exhibition\/le-reglement-des-conflits-tribaux-au-yemen-under-the-direction-of-francois-burgat\/\"><img loading=\"lazy\" decoding=\"async\" width=\"200\" height=\"290\" src=\"https:\/\/cefrepa.cnrs.fr\/wp-content\/uploads\/2025\/09\/200conflits_tribaux.jpg\" class=\"attachment-full size-full wp-post-image\" alt=\"\" \/><\/a><\/div><div class=\"gt-content\"><div class=\"gt-title\"><a href=\"https:\/\/cefrepa.cnrs.fr\/ar\/exhibition\/le-reglement-des-conflits-tribaux-au-yemen-under-the-direction-of-francois-burgat\/\">Le r\u00e8glement des conflits tribaux au Y\u00e9men Under the direction of Fran\u00e7ois Burgat<\/a><\/div><\/div><\/div><\/div><div class=\"gt-grid-col\"><div class=\"gt-item\"><div class=\"gt-image\"><a href=\"https:\/\/cefrepa.cnrs.fr\/ar\/exhibition\/les-inscriptions-de-la-mosquee-de-%e1%b8%8fi-bin-au-yemen-nahida-coussonnet-and-solange-ory\/\"><img loading=\"lazy\" decoding=\"async\" width=\"200\" height=\"286\" src=\"https:\/\/cefrepa.cnrs.fr\/wp-content\/uploads\/2025\/09\/200di_bin.jpg\" class=\"attachment-full size-full wp-post-image\" alt=\"\" \/><\/a><\/div><div class=\"gt-content\"><div class=\"gt-title\"><a href=\"https:\/\/cefrepa.cnrs.fr\/ar\/exhibition\/les-inscriptions-de-la-mosquee-de-%e1%b8%8fi-bin-au-yemen-nahida-coussonnet-and-solange-ory\/\">Les inscriptions de la mosqu\u00e9e de \u1e0e\u012b B\u012bn au Y\u00e9men Nahida Coussonnet and Solange Ory<\/a><\/div><\/div><\/div><\/div><div class=\"gt-grid-col\"><div class=\"gt-item\"><div class=\"gt-image\"><a href=\"https:\/\/cefrepa.cnrs.fr\/ar\/exhibition\/les-higra-et-les-forteresses-du-savoir-au-yemen-ismail-b-ali-al-akwa-translated-by-brigitte-marino\/\"><img loading=\"lazy\" decoding=\"async\" width=\"1790\" height=\"2560\" src=\"https:\/\/cefrepa.cnrs.fr\/wp-content\/uploads\/2025\/09\/couverture_les_higra1996-scaled.jpg\" class=\"attachment-full size-full wp-post-image\" alt=\"\" srcset=\"https:\/\/cefrepa.cnrs.fr\/wp-content\/uploads\/2025\/09\/couverture_les_higra1996-scaled.jpg 1790w, https:\/\/cefrepa.cnrs.fr\/wp-content\/uploads\/2025\/09\/couverture_les_higra1996-210x300.jpg 210w, https:\/\/cefrepa.cnrs.fr\/wp-content\/uploads\/2025\/09\/couverture_les_higra1996-716x1024.jpg 716w, https:\/\/cefrepa.cnrs.fr\/wp-content\/uploads\/2025\/09\/couverture_les_higra1996-768x1099.jpg 768w, https:\/\/cefrepa.cnrs.fr\/wp-content\/uploads\/2025\/09\/couverture_les_higra1996-1074x1536.jpg 1074w, https:\/\/cefrepa.cnrs.fr\/wp-content\/uploads\/2025\/09\/couverture_les_higra1996-1432x2048.jpg 1432w, https:\/\/cefrepa.cnrs.fr\/wp-content\/uploads\/2025\/09\/couverture_les_higra1996-415x594.jpg 415w, https:\/\/cefrepa.cnrs.fr\/wp-content\/uploads\/2025\/09\/couverture_les_higra1996-650x930.jpg 650w, https:\/\/cefrepa.cnrs.fr\/wp-content\/uploads\/2025\/09\/couverture_les_higra1996-250x358.jpg 250w, https:\/\/cefrepa.cnrs.fr\/wp-content\/uploads\/2025\/09\/couverture_les_higra1996-600x858.jpg 600w\" sizes=\"(max-width: 1790px) 100vw, 1790px\" \/><\/a><\/div><div class=\"gt-content\"><div class=\"gt-title\"><a href=\"https:\/\/cefrepa.cnrs.fr\/ar\/exhibition\/les-higra-et-les-forteresses-du-savoir-au-yemen-ismail-b-ali-al-akwa-translated-by-brigitte-marino\/\">Les Hi\u011fra et les forteresses du savoir au Y\u00e9men Ism\u0101\u2018\u012bl b. \u2018Al\u012b al-Akwa\u2018  Translated by Brigitte Marino<\/a><\/div><\/div><\/div><\/div><\/div><\/div>\t\t<\/div>\n\t\t\t\t<\/div>\n\t\t\t\t\t<\/div>\n\t\t<\/div>\n\t\t\t\t\t\t\t<\/div>\n\t\t<\/section>\n\t\t\t\t\t\t\t<\/div>\n\t\t","protected":false},"excerpt":{"rendered":"<p>\u0627\u0644\u0643\u062a\u0628 \u0627\u0644\u0625\u0644\u0643\u062a\u0631\u0648\u0646\u064a\u0629 \u0630\u0627\u062a \u0627\u0644\u0625\u0635\u062f\u0627\u0631 \u0627\u0644\u0645\u0641\u062a\u0648\u062d Paru chez nos partenaires Revue Routes de l\u2019Orient Hors-s\u00e9rie n\u00b0 2 : \u00ab Actualit\u00e9 des recherches arch\u00e9ologiques en ArabieSouth Arabian&#8230;<\/p>\n","protected":false},"author":1,"featured_media":0,"parent":0,"menu_order":0,"comment_status":"closed","ping_status":"closed","template":"","meta":{"footnotes":""},"_links":{"self":[{"href":"https:\/\/cefrepa.cnrs.fr\/ar\/wp-json\/wp\/v2\/pages\/10618"}],"collection":[{"href":"https:\/\/cefrepa.cnrs.fr\/ar\/wp-json\/wp\/v2\/pages"}],"about":[{"href":"https:\/\/cefrepa.cnrs.fr\/ar\/wp-json\/wp\/v2\/types\/page"}],"author":[{"embeddable":true,"href":"https:\/\/cefrepa.cnrs.fr\/ar\/wp-json\/wp\/v2\/users\/1"}],"replies":[{"embeddable":true,"href":"https:\/\/cefrepa.cnrs.fr\/ar\/wp-json\/wp\/v2\/comments?post=10618"}],"version-history":[{"count":4,"href":"https:\/\/cefrepa.cnrs.fr\/ar\/wp-json\/wp\/v2\/pages\/10618\/revisions"}],"predecessor-version":[{"id":10630,"href":"https:\/\/cefrepa.cnrs.fr\/ar\/wp-json\/wp\/v2\/pages\/10618\/revisions\/10630"}],"wp:attachment":[{"href":"https:\/\/cefrepa.cnrs.fr\/ar\/wp-json\/wp\/v2\/media?parent=10618"}],"curies":[{"name":"wp","href":"https:\/\/api.w.org\/{rel}","templated":true}]}}