{"id":10646,"date":"2023-03-15T05:20:25","date_gmt":"2023-03-15T05:20:25","guid":{"rendered":"https:\/\/cefrepa.cnrs.fr\/?page_id=10646"},"modified":"2023-03-15T05:28:20","modified_gmt":"2023-03-15T05:28:20","slug":"digital-resources-islam-and-the-arab-world","status":"publish","type":"page","link":"https:\/\/cefrepa.cnrs.fr\/ar\/digital-resources-islam-and-the-arab-world\/","title":{"rendered":"\u0645\u0635\u0627\u062f\u0631 \u0631\u0642\u0645\u064a\u0629 \u0627\u0644\u0625\u0633\u0644\u0627\u0645 \u0648\u0627\u0644\u0639\u0627\u0644\u0645 \u0627\u0644\u0639\u0631\u0628\u064a(Digital Resources Islam and the Arab World)"},"content":{"rendered":"\t\t<div data-elementor-type=\"wp-page\" data-elementor-id=\"10646\" class=\"elementor elementor-10646\">\n\t\t\t\t\t\t\t\t\t<section class=\"elementor-section elementor-top-section elementor-element elementor-element-777cb501 elementor-section-full_width elementor-section-stretched elementor-section-height-default elementor-section-height-default\" data-id=\"777cb501\" data-element_type=\"section\" data-settings=\"{&quot;stretch_section&quot;:&quot;section-stretched&quot;,&quot;background_background&quot;:&quot;classic&quot;}\">\n\t\t\t\t\t\t\t<div class=\"elementor-background-overlay\"><\/div>\n\t\t\t\t\t\t\t<div class=\"elementor-container elementor-column-gap-default\">\n\t\t\t\t\t<div class=\"elementor-column elementor-col-100 elementor-top-column elementor-element elementor-element-d424a3a\" data-id=\"d424a3a\" data-element_type=\"column\">\n\t\t\t<div class=\"elementor-widget-wrap elementor-element-populated\">\n\t\t\t\t\t\t\t\t<div class=\"elementor-element elementor-element-46068e62 elementor-widget elementor-widget-heading\" data-id=\"46068e62\" data-element_type=\"widget\" data-widget_type=\"heading.default\">\n\t\t\t\t<div class=\"elementor-widget-container\">\n\t\t\t<style>\/*! elementor - v3.18.0 - 20-12-2023 *\/\n.elementor-heading-title{padding:0;margin:0;line-height:1}.elementor-widget-heading .elementor-heading-title[class*=elementor-size-]>a{color:inherit;font-size:inherit;line-height:inherit}.elementor-widget-heading .elementor-heading-title.elementor-size-small{font-size:15px}.elementor-widget-heading .elementor-heading-title.elementor-size-medium{font-size:19px}.elementor-widget-heading .elementor-heading-title.elementor-size-large{font-size:29px}.elementor-widget-heading .elementor-heading-title.elementor-size-xl{font-size:39px}.elementor-widget-heading .elementor-heading-title.elementor-size-xxl{font-size:59px}<\/style><h2 class=\"elementor-heading-title elementor-size-default\">\u0645\u0635\u0627\u062f\u0631 \u0631\u0642\u0645\u064a\u0629 \u0627\u0644\u0625\u0633\u0644\u0627\u0645 \u0648\u0627\u0644\u0639\u0627\u0644\u0645 \u0627\u0644\u0639\u0631\u0628\u064a<\/h2>\t\t<\/div>\n\t\t\t\t<\/div>\n\t\t\t\t\t<\/div>\n\t\t<\/div>\n\t\t\t\t\t\t\t<\/div>\n\t\t<\/section>\n\t\t\t\t<section class=\"elementor-section elementor-top-section elementor-element elementor-element-660bbc8 elementor-section-full_width elementor-section-stretched elementor-section-height-default elementor-section-height-default\" data-id=\"660bbc8\" data-element_type=\"section\" data-settings=\"{&quot;stretch_section&quot;:&quot;section-stretched&quot;,&quot;background_background&quot;:&quot;classic&quot;}\">\n\t\t\t\t\t\t<div class=\"elementor-container elementor-column-gap-default\">\n\t\t\t\t\t<div class=\"elementor-column elementor-col-100 elementor-top-column elementor-element elementor-element-9eb8b63 elementor-invisible\" data-id=\"9eb8b63\" data-element_type=\"column\" data-settings=\"{&quot;animation&quot;:&quot;fadeInLeft&quot;,&quot;background_background&quot;:&quot;classic&quot;}\">\n\t\t\t<div class=\"elementor-widget-wrap elementor-element-populated\">\n\t\t\t\t\t\t\t\t<div class=\"elementor-element elementor-element-6408d33 elementor-widget elementor-widget-loquet-heading-widget\" data-id=\"6408d33\" data-element_type=\"widget\" data-widget_type=\"loquet-heading-widget.default\">\n\t\t\t\t<div class=\"elementor-widget-container\">\n\t\t\t<div class=\"gt-module-title gt-style-1 gt-align-left gt-light\"><div class=\"gt-title\">Catalogues Antiquit\u00e9s du Y\u00e9men<\/div><\/div>\t\t<\/div>\n\t\t\t\t<\/div>\n\t\t\t\t<div class=\"elementor-element elementor-element-8b89ece elementor-widget elementor-widget-loquet-heading-widget\" data-id=\"8b89ece\" data-element_type=\"widget\" data-widget_type=\"loquet-heading-widget.default\">\n\t\t\t\t<div class=\"elementor-widget-container\">\n\t\t\t<div class=\"gt-module-title gt-style-1 gt-align-left gt-light\"><div class=\"gt-title\">Volume 1<\/div><\/div>\t\t<\/div>\n\t\t\t\t<\/div>\n\t\t\t\t<div class=\"elementor-element elementor-element-bd146aa elementor-widget elementor-widget-text-editor\" data-id=\"bd146aa\" data-element_type=\"widget\" data-widget_type=\"text-editor.default\">\n\t\t\t\t<div class=\"elementor-widget-container\">\n\t\t\t<style>\/*! elementor - v3.18.0 - 20-12-2023 *\/\n.elementor-widget-text-editor.elementor-drop-cap-view-stacked .elementor-drop-cap{background-color:#69727d;color:#fff}.elementor-widget-text-editor.elementor-drop-cap-view-framed .elementor-drop-cap{color:#69727d;border:3px solid;background-color:transparent}.elementor-widget-text-editor:not(.elementor-drop-cap-view-default) .elementor-drop-cap{margin-top:8px}.elementor-widget-text-editor:not(.elementor-drop-cap-view-default) .elementor-drop-cap-letter{width:1em;height:1em}.elementor-widget-text-editor .elementor-drop-cap{float:left;text-align:center;line-height:1;font-size:50px}.elementor-widget-text-editor .elementor-drop-cap-letter{display:inline-block}<\/style>\t\t\t\tM. Arbach, J. Schiettecatte, 2006. Catalogue des pi\u00e8ces arch\u00e9ologiques et \u00e9pigraphiques du Jawf au mus\u00e9e national de San\u2018\u00e2\u2019, Sanaa\n<br\/>\n<strong>R\u00e9sum\u00e9<\/strong> : Pr\u00e9sentation d\u2019inscriptions, autels, c\u00e9ramiques et anthropomorphes de la vall\u00e9e du Jawf (Y\u00e9men) conserv\u00e9s au mus\u00e9e national de Sanaa<br\/>\n<a style=\"color: red;\" href=\"https:\/\/shs.hal.science\/halshs-00120920\" target=\"_blank\" rel=\"noopener\">Voir le catalogue en ligne<\/a>\t\t\t\t\t\t<\/div>\n\t\t\t\t<\/div>\n\t\t\t\t\t<\/div>\n\t\t<\/div>\n\t\t\t\t\t\t\t<\/div>\n\t\t<\/section>\n\t\t\t\t<section class=\"elementor-section elementor-top-section elementor-element elementor-element-f836091 elementor-section-full_width elementor-section-stretched elementor-section-height-default elementor-section-height-default\" data-id=\"f836091\" data-element_type=\"section\" data-settings=\"{&quot;stretch_section&quot;:&quot;section-stretched&quot;,&quot;background_background&quot;:&quot;classic&quot;}\">\n\t\t\t\t\t\t<div class=\"elementor-container elementor-column-gap-default\">\n\t\t\t\t\t<div class=\"elementor-column elementor-col-100 elementor-top-column elementor-element elementor-element-23d18c2 elementor-invisible\" data-id=\"23d18c2\" data-element_type=\"column\" data-settings=\"{&quot;animation&quot;:&quot;fadeInLeft&quot;,&quot;background_background&quot;:&quot;classic&quot;}\">\n\t\t\t<div class=\"elementor-widget-wrap elementor-element-populated\">\n\t\t\t\t\t\t\t\t<div class=\"elementor-element elementor-element-a7702cf elementor-widget elementor-widget-loquet-heading-widget\" data-id=\"a7702cf\" data-element_type=\"widget\" data-widget_type=\"loquet-heading-widget.default\">\n\t\t\t\t<div class=\"elementor-widget-container\">\n\t\t\t<div class=\"gt-module-title gt-style-1 gt-align-left gt-light\"><div class=\"gt-title\">Volume 2<\/div><\/div>\t\t<\/div>\n\t\t\t\t<\/div>\n\t\t\t\t<div class=\"elementor-element elementor-element-8c60181 elementor-widget elementor-widget-text-editor\" data-id=\"8c60181\" data-element_type=\"widget\" data-widget_type=\"text-editor.default\">\n\t\t\t\t<div class=\"elementor-widget-container\">\n\t\t\t\t\t\t\tM. Arbach, J. Schiettecatte, 2006. Catalogue des pi\u00e8ces arch\u00e9ologiques et \u00e9pigraphiques du Jawf au mus\u00e9e national de San\u2018\u00e2\u2019, Sanaa\n<br\/>\n<strong>R\u00e9sum\u00e9<\/strong> : Pr\u00e9sentation d\u2019inscriptions, autels, c\u00e9ramiques et anthropomorphes de la vall\u00e9e du Jawf (Y\u00e9men) conserv\u00e9s au mus\u00e9e national de Sanaa\n<br\/>\n<a style=\"color: red;\" href=\"https:\/\/shs.hal.science\/halshs-00348168v1\" target=\"_blank\" rel=\"noopener\">Voir le catalogue en ligne<\/a>\t\t\t\t\t\t<\/div>\n\t\t\t\t<\/div>\n\t\t\t\t\t<\/div>\n\t\t<\/div>\n\t\t\t\t\t\t\t<\/div>\n\t\t<\/section>\n\t\t\t\t<section class=\"elementor-section elementor-top-section elementor-element elementor-element-507e33c elementor-section-full_width elementor-section-stretched elementor-section-height-default elementor-section-height-default\" data-id=\"507e33c\" data-element_type=\"section\" data-settings=\"{&quot;stretch_section&quot;:&quot;section-stretched&quot;,&quot;background_background&quot;:&quot;classic&quot;}\">\n\t\t\t\t\t\t<div class=\"elementor-container elementor-column-gap-default\">\n\t\t\t\t\t<div class=\"elementor-column elementor-col-100 elementor-top-column elementor-element elementor-element-b8bd7da elementor-invisible\" data-id=\"b8bd7da\" data-element_type=\"column\" data-settings=\"{&quot;animation&quot;:&quot;fadeInLeft&quot;,&quot;background_background&quot;:&quot;classic&quot;}\">\n\t\t\t<div class=\"elementor-widget-wrap elementor-element-populated\">\n\t\t\t\t\t\t\t\t<div class=\"elementor-element elementor-element-32c7d7b elementor-widget elementor-widget-loquet-heading-widget\" data-id=\"32c7d7b\" data-element_type=\"widget\" data-widget_type=\"loquet-heading-widget.default\">\n\t\t\t\t<div class=\"elementor-widget-container\">\n\t\t\t<div class=\"gt-module-title gt-style-1 gt-align-left gt-light\"><div class=\"gt-title\">Volume 3<\/div><\/div>\t\t<\/div>\n\t\t\t\t<\/div>\n\t\t\t\t<div class=\"elementor-element elementor-element-1174073 elementor-widget elementor-widget-text-editor\" data-id=\"1174073\" data-element_type=\"widget\" data-widget_type=\"text-editor.default\">\n\t\t\t\t<div class=\"elementor-widget-container\">\n\t\t\t\t\t\t\tM. Arbach, J. Schiettecatte et I. al-H\u00e2d\u00ee, 2008. San\u2019\u00e2\u2019 National Museum. Collection of Funerary Stelae from the Jawf Valley, Sanaa, Part III.<br\/>\n\n<strong>R\u00e9sum\u00e9<\/strong> : Ce volume est le 3e de la collection des pi\u00e8ces arch\u00e9ologiques et \u00e9pigraphiques de la vall\u00e9e du Jawf conserv\u00e9es au mus\u00e9e national de Sanaa. Il pr\u00e9sente une collection de 437 st\u00e8les fun\u00e9raires datant du 8e au 1e si\u00e8cle av. J.-C. Le catalogue est enrichi d\u2019une analyse stylistique, d\u2019une synth\u00e8se sur les inscriptions fun\u00e9raires et l\u2019onomastique ainsi que d\u2019une mise en parall\u00e8le avec d\u2019autres productions de la p\u00e9ninsule Arabique.\n<br\/>\n<a style=\"color: red;\" href=\"https:\/\/shs.hal.science\/halshs-00348168v1\" target=\"_blank\" rel=\"noopener\">Voir le catalogue en ligne<\/a>\t\t\t\t\t\t<\/div>\n\t\t\t\t<\/div>\n\t\t\t\t\t<\/div>\n\t\t<\/div>\n\t\t\t\t\t\t\t<\/div>\n\t\t<\/section>\n\t\t\t\t\t\t\t<\/div>\n\t\t","protected":false},"excerpt":{"rendered":"<p>\u0645\u0635\u0627\u062f\u0631 \u0631\u0642\u0645\u064a\u0629 \u0627\u0644\u0625\u0633\u0644\u0627\u0645 \u0648\u0627\u0644\u0639\u0627\u0644\u0645 \u0627\u0644\u0639\u0631\u0628\u064a Catalogues Antiquit\u00e9s du Y\u00e9men Volume 1 M. Arbach, J. Schiettecatte, 2006. Catalogue des pi\u00e8ces arch\u00e9ologiques et \u00e9pigraphiques du Jawf au&#8230;<\/p>\n","protected":false},"author":1,"featured_media":0,"parent":0,"menu_order":0,"comment_status":"closed","ping_status":"closed","template":"","meta":{"footnotes":""},"_links":{"self":[{"href":"https:\/\/cefrepa.cnrs.fr\/ar\/wp-json\/wp\/v2\/pages\/10646"}],"collection":[{"href":"https:\/\/cefrepa.cnrs.fr\/ar\/wp-json\/wp\/v2\/pages"}],"about":[{"href":"https:\/\/cefrepa.cnrs.fr\/ar\/wp-json\/wp\/v2\/types\/page"}],"author":[{"embeddable":true,"href":"https:\/\/cefrepa.cnrs.fr\/ar\/wp-json\/wp\/v2\/users\/1"}],"replies":[{"embeddable":true,"href":"https:\/\/cefrepa.cnrs.fr\/ar\/wp-json\/wp\/v2\/comments?post=10646"}],"version-history":[{"count":4,"href":"https:\/\/cefrepa.cnrs.fr\/ar\/wp-json\/wp\/v2\/pages\/10646\/revisions"}],"predecessor-version":[{"id":10652,"href":"https:\/\/cefrepa.cnrs.fr\/ar\/wp-json\/wp\/v2\/pages\/10646\/revisions\/10652"}],"wp:attachment":[{"href":"https:\/\/cefrepa.cnrs.fr\/ar\/wp-json\/wp\/v2\/media?parent=10646"}],"curies":[{"name":"wp","href":"https:\/\/api.w.org\/{rel}","templated":true}]}}