{"id":10656,"date":"2023-03-15T05:35:09","date_gmt":"2023-03-15T05:35:09","guid":{"rendered":"https:\/\/cefrepa.cnrs.fr\/?page_id=10656"},"modified":"2023-03-15T05:36:34","modified_gmt":"2023-03-15T05:36:34","slug":"parliamentary-auditions","status":"publish","type":"page","link":"https:\/\/cefrepa.cnrs.fr\/ar\/parliamentary-auditions\/","title":{"rendered":"\u0645\u0648\u0627\u0642\u0639 \u0627\u0644\u062a\u0648\u0627\u0635\u0644 \u0627\u0627\u0644\u0627\u062c\u062a\u0645\u0627\u0639\u064a(Parliamentary auditions)"},"content":{"rendered":"\t\t<div data-elementor-type=\"wp-page\" data-elementor-id=\"10656\" class=\"elementor elementor-10656\">\n\t\t\t\t\t\t\t\t\t<section class=\"elementor-section elementor-top-section elementor-element elementor-element-777cb501 elementor-section-full_width elementor-section-stretched elementor-section-height-default elementor-section-height-default\" data-id=\"777cb501\" data-element_type=\"section\" data-settings=\"{&quot;stretch_section&quot;:&quot;section-stretched&quot;,&quot;background_background&quot;:&quot;classic&quot;}\">\n\t\t\t\t\t\t\t<div class=\"elementor-background-overlay\"><\/div>\n\t\t\t\t\t\t\t<div class=\"elementor-container elementor-column-gap-default\">\n\t\t\t\t\t<div class=\"elementor-column elementor-col-100 elementor-top-column elementor-element elementor-element-d424a3a\" data-id=\"d424a3a\" data-element_type=\"column\">\n\t\t\t<div class=\"elementor-widget-wrap elementor-element-populated\">\n\t\t\t\t\t\t\t\t<div class=\"elementor-element elementor-element-46068e62 elementor-widget elementor-widget-heading\" data-id=\"46068e62\" data-element_type=\"widget\" data-widget_type=\"heading.default\">\n\t\t\t\t<div class=\"elementor-widget-container\">\n\t\t\t<style>\/*! elementor - v3.18.0 - 20-12-2023 *\/\n.elementor-heading-title{padding:0;margin:0;line-height:1}.elementor-widget-heading .elementor-heading-title[class*=elementor-size-]>a{color:inherit;font-size:inherit;line-height:inherit}.elementor-widget-heading .elementor-heading-title.elementor-size-small{font-size:15px}.elementor-widget-heading .elementor-heading-title.elementor-size-medium{font-size:19px}.elementor-widget-heading .elementor-heading-title.elementor-size-large{font-size:29px}.elementor-widget-heading .elementor-heading-title.elementor-size-xl{font-size:39px}.elementor-widget-heading .elementor-heading-title.elementor-size-xxl{font-size:59px}<\/style><h2 class=\"elementor-heading-title elementor-size-default\">\u0645\u0648\u0627\u0642\u0639 \u0627\u0644\u062a\u0648\u0627\u0635\u0644 \u0627\u0627\u0644\u0627\u062c\u062a\u0645\u0627\u0639\u064a<\/h2>\t\t<\/div>\n\t\t\t\t<\/div>\n\t\t\t\t\t<\/div>\n\t\t<\/div>\n\t\t\t\t\t\t\t<\/div>\n\t\t<\/section>\n\t\t\t\t<section class=\"elementor-section elementor-top-section elementor-element elementor-element-98a8751 elementor-section-boxed elementor-section-height-default elementor-section-height-default\" data-id=\"98a8751\" data-element_type=\"section\">\n\t\t\t\t\t\t<div class=\"elementor-container elementor-column-gap-default\">\n\t\t\t\t\t<div class=\"elementor-column elementor-col-50 elementor-top-column elementor-element elementor-element-3d8db9d\" data-id=\"3d8db9d\" data-element_type=\"column\" data-settings=\"{&quot;background_background&quot;:&quot;classic&quot;}\">\n\t\t\t<div class=\"elementor-widget-wrap elementor-element-populated\">\n\t\t\t\t\t\t\t\t<div class=\"elementor-element elementor-element-b02f7e2 elementor-widget elementor-widget-heading\" data-id=\"b02f7e2\" data-element_type=\"widget\" data-widget_type=\"heading.default\">\n\t\t\t\t<div class=\"elementor-widget-container\">\n\t\t\t<h6 class=\"elementor-heading-title elementor-size-default\"><a href=\"http:\/\/event.senat.vodalys.com\/video.533535_5a6fae2fa6bd6.audition-conjointe--sur--l-arabie-saoudite-dans-son-environnement-regional-?timecode=2889000\">Audition conjointe sur \nL\u2019Arabie Saoudite dans son environnement r\u00e9gional \u00bb<\/a><\/h6>\t\t<\/div>\n\t\t\t\t<\/div>\n\t\t\t\t\t<\/div>\n\t\t<\/div>\n\t\t\t\t<div class=\"elementor-column elementor-col-50 elementor-top-column elementor-element elementor-element-cc612a8\" data-id=\"cc612a8\" data-element_type=\"column\" data-settings=\"{&quot;background_background&quot;:&quot;classic&quot;}\">\n\t\t\t<div class=\"elementor-widget-wrap elementor-element-populated\">\n\t\t\t\t\t\t\t\t<div class=\"elementor-element elementor-element-c64b2b7 elementor-widget elementor-widget-heading\" data-id=\"c64b2b7\" data-element_type=\"widget\" data-widget_type=\"heading.default\">\n\t\t\t\t<div class=\"elementor-widget-container\">\n\t\t\t<h6 class=\"elementor-heading-title elementor-size-default\"><a href=\"http:\/\/videos.assemblee-nationale.fr\/vod.php?media=5358946_5a393903d50ba&#038;name=%22Commission+des+affaires+%C3%A9trang%C3%A8res+%3A+Auditions+sur+la+situation+au+Y%C3%A9men%22+du+19+d%C3%A9cembre+2017\">Audition de M. Laurent Bonnefoy, Mme Liny Suharlim et Mme Rasha Mohamed, sur la situation au Y\u00e9men<\/a><\/h6>\t\t<\/div>\n\t\t\t\t<\/div>\n\t\t\t\t\t<\/div>\n\t\t<\/div>\n\t\t\t\t\t\t\t<\/div>\n\t\t<\/section>\n\t\t\t\t<section class=\"elementor-section elementor-top-section elementor-element elementor-element-e64aaf6 elementor-section-boxed elementor-section-height-default elementor-section-height-default\" data-id=\"e64aaf6\" data-element_type=\"section\">\n\t\t\t\t\t\t<div class=\"elementor-container elementor-column-gap-default\">\n\t\t\t\t\t<div class=\"elementor-column elementor-col-50 elementor-top-column elementor-element elementor-element-3161f28\" data-id=\"3161f28\" data-element_type=\"column\" data-settings=\"{&quot;background_background&quot;:&quot;classic&quot;}\">\n\t\t\t<div class=\"elementor-widget-wrap elementor-element-populated\">\n\t\t\t\t\t\t\t\t<div class=\"elementor-element elementor-element-c0f39c2 elementor-widget elementor-widget-heading\" data-id=\"c0f39c2\" data-element_type=\"widget\" data-widget_type=\"heading.default\">\n\t\t\t\t<div class=\"elementor-widget-container\">\n\t\t\t<h6 class=\"elementor-heading-title elementor-size-default\"><a href=\"https:\/\/cefrepa.cnrs.fr\/spip.php?article350\">Audition de M. St\u00e9phane Lacroix et Mme Fatiha Dazi-H\u00e9ni 2\/2<\/a><\/h6>\t\t<\/div>\n\t\t\t\t<\/div>\n\t\t\t\t\t<\/div>\n\t\t<\/div>\n\t\t\t\t<div class=\"elementor-column elementor-col-50 elementor-top-column elementor-element elementor-element-ca74807\" data-id=\"ca74807\" data-element_type=\"column\" data-settings=\"{&quot;background_background&quot;:&quot;classic&quot;}\">\n\t\t\t<div class=\"elementor-widget-wrap elementor-element-populated\">\n\t\t\t\t\t\t\t\t<div class=\"elementor-element elementor-element-8ac7bf0 elementor-widget elementor-widget-heading\" data-id=\"8ac7bf0\" data-element_type=\"widget\" data-widget_type=\"heading.default\">\n\t\t\t\t<div class=\"elementor-widget-container\">\n\t\t\t<h6 class=\"elementor-heading-title elementor-size-default\"><a href=\"http:\/\/videos.senat.fr\/video.165983_57d281db0c0ea?video=31436\">Audition de M. St\u00e9phane Lacroix et Mme Fatiha Dazi-H\u00e9ni 1\/2<\/a><\/h6>\t\t<\/div>\n\t\t\t\t<\/div>\n\t\t\t\t\t<\/div>\n\t\t<\/div>\n\t\t\t\t\t\t\t<\/div>\n\t\t<\/section>\n\t\t\t\t<section class=\"elementor-section elementor-top-section elementor-element elementor-element-d00bc1c elementor-section-boxed elementor-section-height-default elementor-section-height-default\" data-id=\"d00bc1c\" data-element_type=\"section\">\n\t\t\t\t\t\t<div class=\"elementor-container elementor-column-gap-default\">\n\t\t\t\t\t<div class=\"elementor-column elementor-col-50 elementor-top-column elementor-element elementor-element-cddd6d4\" data-id=\"cddd6d4\" data-element_type=\"column\" data-settings=\"{&quot;background_background&quot;:&quot;classic&quot;}\">\n\t\t\t<div class=\"elementor-widget-wrap elementor-element-populated\">\n\t\t\t\t\t\t\t\t<div class=\"elementor-element elementor-element-bd82654 elementor-widget elementor-widget-heading\" data-id=\"bd82654\" data-element_type=\"widget\" data-widget_type=\"heading.default\">\n\t\t\t\t<div class=\"elementor-widget-container\">\n\t\t\t<h6 class=\"elementor-heading-title elementor-size-default\"><a href=\"http:\/\/www.senat.fr\/compte-rendu-commissions\/20160229\/etr.html#toc2\">Audition de M. Jean-Marc Grosgurin, ambassadeur de France au Y\u00e9men<\/a><\/h6>\t\t<\/div>\n\t\t\t\t<\/div>\n\t\t\t\t\t<\/div>\n\t\t<\/div>\n\t\t\t\t<div class=\"elementor-column elementor-col-50 elementor-top-column elementor-element elementor-element-7227fa0\" data-id=\"7227fa0\" data-element_type=\"column\" data-settings=\"{&quot;background_background&quot;:&quot;classic&quot;}\">\n\t\t\t<div class=\"elementor-widget-wrap elementor-element-populated\">\n\t\t\t\t\t\t\t\t<div class=\"elementor-element elementor-element-e586685 elementor-widget elementor-widget-heading\" data-id=\"e586685\" data-element_type=\"widget\" data-widget_type=\"heading.default\">\n\t\t\t\t<div class=\"elementor-widget-container\">\n\t\t\t<h6 class=\"elementor-heading-title elementor-size-default\"><a href=\"https:\/\/www.assemblee-nationale.fr\/14\/cr-cafe\/15-16\/c1516049.asp\">Audition de Son Exc. M. Bertrand Besancenot, ambassadeur de France en Arabie Saoudite<\/a><\/h6>\t\t<\/div>\n\t\t\t\t<\/div>\n\t\t\t\t\t<\/div>\n\t\t<\/div>\n\t\t\t\t\t\t\t<\/div>\n\t\t<\/section>\n\t\t\t\t<section class=\"elementor-section elementor-top-section elementor-element elementor-element-b2c805a elementor-section-boxed elementor-section-height-default elementor-section-height-default\" data-id=\"b2c805a\" data-element_type=\"section\">\n\t\t\t\t\t\t<div class=\"elementor-container elementor-column-gap-default\">\n\t\t\t\t\t<div class=\"elementor-column elementor-col-50 elementor-top-column elementor-element elementor-element-72a63c8\" data-id=\"72a63c8\" data-element_type=\"column\" data-settings=\"{&quot;background_background&quot;:&quot;classic&quot;}\">\n\t\t\t<div class=\"elementor-widget-wrap elementor-element-populated\">\n\t\t\t\t\t\t\t\t<div class=\"elementor-element elementor-element-8a1a209 elementor-widget elementor-widget-heading\" data-id=\"8a1a209\" data-element_type=\"widget\" data-widget_type=\"heading.default\">\n\t\t\t\t<div class=\"elementor-widget-container\">\n\t\t\t<h6 class=\"elementor-heading-title elementor-size-default\"><a href=\"http:\/\/www.senat.fr\/compte-rendu-commissions\/20160111\/etr.html#toc4\">Situation au Moyen-Orient - Audition de M. Henry Laurens, professeur au Coll\u00e8ge de France (chaire Histoire contemporaine du monde arabe)<\/a><\/h6>\t\t<\/div>\n\t\t\t\t<\/div>\n\t\t\t\t\t<\/div>\n\t\t<\/div>\n\t\t\t\t<div class=\"elementor-column elementor-col-50 elementor-top-column elementor-element elementor-element-39bbc78\" data-id=\"39bbc78\" data-element_type=\"column\" data-settings=\"{&quot;background_background&quot;:&quot;classic&quot;}\">\n\t\t\t<div class=\"elementor-widget-wrap elementor-element-populated\">\n\t\t\t\t\t\t\t\t<div class=\"elementor-element elementor-element-9f1f6a5 elementor-widget elementor-widget-heading\" data-id=\"9f1f6a5\" data-element_type=\"widget\" data-widget_type=\"heading.default\">\n\t\t\t\t<div class=\"elementor-widget-container\">\n\t\t\t<h6 class=\"elementor-heading-title elementor-size-default\"><a href=\"https:\/\/www.assemblee-nationale.fr\/14\/cr-cafe\/15-16\/c1516034.asp\">R\u00e9union sur les relations entre l\u2019Arabie Saoudite et l\u2019Iran avec Mme Fatiha Dazi-H\u00e9ni, enseignante \u00e0 l\u2019IEP de Lille et chercheure \u00e0 l\u2019IRSEM, et M. Matthieu Rey, ma\u00eetre de conf\u00e9rence au Coll\u00e8ge de France<\/a><\/h6>\t\t<\/div>\n\t\t\t\t<\/div>\n\t\t\t\t\t<\/div>\n\t\t<\/div>\n\t\t\t\t\t\t\t<\/div>\n\t\t<\/section>\n\t\t\t\t<section class=\"elementor-section elementor-top-section elementor-element elementor-element-a6bc061 elementor-section-boxed elementor-section-height-default elementor-section-height-default\" data-id=\"a6bc061\" data-element_type=\"section\">\n\t\t\t\t\t\t<div class=\"elementor-container elementor-column-gap-default\">\n\t\t\t\t\t<div class=\"elementor-column elementor-col-50 elementor-top-column elementor-element elementor-element-d0b2fc8\" data-id=\"d0b2fc8\" data-element_type=\"column\" data-settings=\"{&quot;background_background&quot;:&quot;classic&quot;}\">\n\t\t\t<div class=\"elementor-widget-wrap elementor-element-populated\">\n\t\t\t\t\t\t\t\t<div class=\"elementor-element elementor-element-fdf8ff1 elementor-widget elementor-widget-heading\" data-id=\"fdf8ff1\" data-element_type=\"widget\" data-widget_type=\"heading.default\">\n\t\t\t\t<div class=\"elementor-widget-container\">\n\t\t\t<h6 class=\"elementor-heading-title elementor-size-default\"><a href=\"http:\/\/videos.assemblee-nationale.fr\/vod.php?media=3521843_569519a00d55b&#038;name=%22Moyens+de+DAECH+%3A+M.+Fran%C3%A7ois+Burgat%2C+dir.+de+recherche+au+CNRS%22+du+12+janvier+2016\"> Moyens de DAECH : M. Fran\u00e7ois Burgat, dir. de recherche au CNRS<\/a><\/h6>\t\t<\/div>\n\t\t\t\t<\/div>\n\t\t\t\t\t<\/div>\n\t\t<\/div>\n\t\t\t\t<div class=\"elementor-column elementor-col-50 elementor-top-column elementor-element elementor-element-5372cef\" data-id=\"5372cef\" data-element_type=\"column\" data-settings=\"{&quot;background_background&quot;:&quot;classic&quot;}\">\n\t\t\t<div class=\"elementor-widget-wrap elementor-element-populated\">\n\t\t\t\t\t\t\t\t<div class=\"elementor-element elementor-element-f65f74b elementor-widget elementor-widget-heading\" data-id=\"f65f74b\" data-element_type=\"widget\" data-widget_type=\"heading.default\">\n\t\t\t\t<div class=\"elementor-widget-container\">\n\t\t\t<h6 class=\"elementor-heading-title elementor-size-default\"><a href=\"https:\/\/www.assemblee-nationale.fr\/14\/cr-cafe\/15-16\/c1516032.asp\">Audition de M. Didier Chabert, sous-directeur Moyen-Orient au minist\u00e8re des affaires \u00e9trang\u00e8res et du d\u00e9veloppement international, sur la situation du Y\u00e9men<\/a><\/h6>\t\t<\/div>\n\t\t\t\t<\/div>\n\t\t\t\t\t<\/div>\n\t\t<\/div>\n\t\t\t\t\t\t\t<\/div>\n\t\t<\/section>\n\t\t\t\t\t\t\t<\/div>\n\t\t","protected":false},"excerpt":{"rendered":"<p>\u0645\u0648\u0627\u0642\u0639 \u0627\u0644\u062a\u0648\u0627\u0635\u0644 \u0627\u0627\u0644\u0627\u062c\u062a\u0645\u0627\u0639\u064a Audition conjointe sur L\u2019Arabie Saoudite dans son environnement r\u00e9gional \u00bb Audition de M. Laurent Bonnefoy, Mme Liny Suharlim et Mme Rasha Mohamed,&#8230;<\/p>\n","protected":false},"author":1,"featured_media":0,"parent":0,"menu_order":0,"comment_status":"closed","ping_status":"closed","template":"","meta":{"footnotes":""},"_links":{"self":[{"href":"https:\/\/cefrepa.cnrs.fr\/ar\/wp-json\/wp\/v2\/pages\/10656"}],"collection":[{"href":"https:\/\/cefrepa.cnrs.fr\/ar\/wp-json\/wp\/v2\/pages"}],"about":[{"href":"https:\/\/cefrepa.cnrs.fr\/ar\/wp-json\/wp\/v2\/types\/page"}],"author":[{"embeddable":true,"href":"https:\/\/cefrepa.cnrs.fr\/ar\/wp-json\/wp\/v2\/users\/1"}],"replies":[{"embeddable":true,"href":"https:\/\/cefrepa.cnrs.fr\/ar\/wp-json\/wp\/v2\/comments?post=10656"}],"version-history":[{"count":7,"href":"https:\/\/cefrepa.cnrs.fr\/ar\/wp-json\/wp\/v2\/pages\/10656\/revisions"}],"predecessor-version":[{"id":10674,"href":"https:\/\/cefrepa.cnrs.fr\/ar\/wp-json\/wp\/v2\/pages\/10656\/revisions\/10674"}],"wp:attachment":[{"href":"https:\/\/cefrepa.cnrs.fr\/ar\/wp-json\/wp\/v2\/media?parent=10656"}],"curies":[{"name":"wp","href":"https:\/\/api.w.org\/{rel}","templated":true}]}}