{"id":10659,"date":"2023-03-15T05:30:20","date_gmt":"2023-03-15T05:30:20","guid":{"rendered":"https:\/\/cefrepa.cnrs.fr\/?page_id=10659"},"modified":"2023-03-15T05:31:40","modified_gmt":"2023-03-15T05:31:40","slug":"internship-offers-at-cefrepa","status":"publish","type":"page","link":"https:\/\/cefrepa.cnrs.fr\/ar\/internship-offers-at-cefrepa\/","title":{"rendered":"\u0639\u0631\u0648\u0636 \u0627\u0644\u062a\u062f\u0631\u064a\u0628 \u0641\u064a \u0627\u0644 CEFREPA(Internship offers at CEFREPA)"},"content":{"rendered":"\t\t<div data-elementor-type=\"wp-page\" data-elementor-id=\"10659\" class=\"elementor elementor-10659\">\n\t\t\t\t\t\t\t\t\t<section class=\"elementor-section elementor-top-section elementor-element elementor-element-777cb501 elementor-section-full_width elementor-section-stretched elementor-section-height-default elementor-section-height-default\" data-id=\"777cb501\" data-element_type=\"section\" data-settings=\"{&quot;stretch_section&quot;:&quot;section-stretched&quot;,&quot;background_background&quot;:&quot;classic&quot;}\">\n\t\t\t\t\t\t\t<div class=\"elementor-background-overlay\"><\/div>\n\t\t\t\t\t\t\t<div class=\"elementor-container elementor-column-gap-default\">\n\t\t\t\t\t<div class=\"elementor-column elementor-col-100 elementor-top-column elementor-element elementor-element-d424a3a\" data-id=\"d424a3a\" data-element_type=\"column\">\n\t\t\t<div class=\"elementor-widget-wrap elementor-element-populated\">\n\t\t\t\t\t\t\t\t<div class=\"elementor-element elementor-element-46068e62 elementor-widget elementor-widget-heading\" data-id=\"46068e62\" data-element_type=\"widget\" data-widget_type=\"heading.default\">\n\t\t\t\t<div class=\"elementor-widget-container\">\n\t\t\t<style>\/*! elementor - v3.18.0 - 20-12-2023 *\/\n.elementor-heading-title{padding:0;margin:0;line-height:1}.elementor-widget-heading .elementor-heading-title[class*=elementor-size-]>a{color:inherit;font-size:inherit;line-height:inherit}.elementor-widget-heading .elementor-heading-title.elementor-size-small{font-size:15px}.elementor-widget-heading .elementor-heading-title.elementor-size-medium{font-size:19px}.elementor-widget-heading .elementor-heading-title.elementor-size-large{font-size:29px}.elementor-widget-heading .elementor-heading-title.elementor-size-xl{font-size:39px}.elementor-widget-heading .elementor-heading-title.elementor-size-xxl{font-size:59px}<\/style><h2 class=\"elementor-heading-title elementor-size-default\">\u0639\u0631\u0648\u0636 \u0627\u0644\u062a\u062f\u0631\u064a\u0628 \u0641\u064a \u0627\u0644 CEFREPA<\/h2>\t\t<\/div>\n\t\t\t\t<\/div>\n\t\t\t\t\t<\/div>\n\t\t<\/div>\n\t\t\t\t\t\t\t<\/div>\n\t\t<\/section>\n\t\t\t\t<section class=\"elementor-section elementor-top-section elementor-element elementor-element-7f3c73c elementor-section-boxed elementor-section-height-default elementor-section-height-default\" data-id=\"7f3c73c\" data-element_type=\"section\">\n\t\t\t\t\t\t<div class=\"elementor-container elementor-column-gap-default\">\n\t\t\t\t\t<div class=\"elementor-column elementor-col-25 elementor-top-column elementor-element elementor-element-56c3521\" data-id=\"56c3521\" data-element_type=\"column\">\n\t\t\t<div class=\"elementor-widget-wrap\">\n\t\t\t\t\t\t\t\t\t<\/div>\n\t\t<\/div>\n\t\t\t\t<div class=\"elementor-column elementor-col-25 elementor-top-column elementor-element elementor-element-05f4405\" data-id=\"05f4405\" data-element_type=\"column\" data-settings=\"{&quot;background_background&quot;:&quot;classic&quot;}\">\n\t\t\t<div class=\"elementor-widget-wrap elementor-element-populated\">\n\t\t\t\t\t\t\t\t<div class=\"elementor-element elementor-element-726fee4 elementor-widget elementor-widget-heading\" data-id=\"726fee4\" data-element_type=\"widget\" data-widget_type=\"heading.default\">\n\t\t\t\t<div class=\"elementor-widget-container\">\n\t\t\t<h6 class=\"elementor-heading-title elementor-size-default\"><a href=\"https:\/\/cefrepa.cnrs.fr\/spip.php?article341&#038;lang=fr\">BOURSE D\u2019AIDE \u00c0 LA MOBILITE DOCTORALE AU CEFAS (KOWEIT)<\/a><\/h6>\t\t<\/div>\n\t\t\t\t<\/div>\n\t\t\t\t\t<\/div>\n\t\t<\/div>\n\t\t\t\t<div class=\"elementor-column elementor-col-25 elementor-top-column elementor-element elementor-element-7144ba0\" data-id=\"7144ba0\" data-element_type=\"column\" data-settings=\"{&quot;background_background&quot;:&quot;classic&quot;}\">\n\t\t\t<div class=\"elementor-widget-wrap elementor-element-populated\">\n\t\t\t\t\t\t\t\t<div class=\"elementor-element elementor-element-b7ecc96 elementor-widget elementor-widget-heading\" data-id=\"b7ecc96\" data-element_type=\"widget\" data-widget_type=\"heading.default\">\n\t\t\t\t<div class=\"elementor-widget-container\">\n\t\t\t<h6 class=\"elementor-heading-title elementor-size-default\"><a href=\"http:\/\/videos.assemblee-nationale.fr\/vod.php?media=5358946_5a393903d50ba&#038;name=%22Commission+des+affaires+%C3%A9trang%C3%A8res+%3A+Auditions+sur+la+situation+au+Y%C3%A9men%22+du+19+d%C3%A9cembre+2017\">Deux anciens boursiers du CEFAS r\u00e9compens\u00e9s par le jury du Prix de th\u00e8se 2016 sur le Moyen-Orient et les Mondes Musulmans<\/a><\/h6>\t\t<\/div>\n\t\t\t\t<\/div>\n\t\t\t\t\t<\/div>\n\t\t<\/div>\n\t\t\t\t<div class=\"elementor-column elementor-col-25 elementor-top-column elementor-element elementor-element-52033d2\" data-id=\"52033d2\" data-element_type=\"column\">\n\t\t\t<div class=\"elementor-widget-wrap\">\n\t\t\t\t\t\t\t\t\t<\/div>\n\t\t<\/div>\n\t\t\t\t\t\t\t<\/div>\n\t\t<\/section>\n\t\t\t\t\t\t\t<\/div>\n\t\t","protected":false},"excerpt":{"rendered":"<p>\u0639\u0631\u0648\u0636 \u0627\u0644\u062a\u062f\u0631\u064a\u0628 \u0641\u064a \u0627\u0644 CEFREPA BOURSE D\u2019AIDE \u00c0 LA MOBILITE DOCTORALE AU CEFAS (KOWEIT) Deux anciens boursiers du CEFAS r\u00e9compens\u00e9s par le jury du Prix&#8230;<\/p>\n","protected":false},"author":1,"featured_media":0,"parent":0,"menu_order":0,"comment_status":"closed","ping_status":"closed","template":"","meta":{"footnotes":""},"_links":{"self":[{"href":"https:\/\/cefrepa.cnrs.fr\/ar\/wp-json\/wp\/v2\/pages\/10659"}],"collection":[{"href":"https:\/\/cefrepa.cnrs.fr\/ar\/wp-json\/wp\/v2\/pages"}],"about":[{"href":"https:\/\/cefrepa.cnrs.fr\/ar\/wp-json\/wp\/v2\/types\/page"}],"author":[{"embeddable":true,"href":"https:\/\/cefrepa.cnrs.fr\/ar\/wp-json\/wp\/v2\/users\/1"}],"replies":[{"embeddable":true,"href":"https:\/\/cefrepa.cnrs.fr\/ar\/wp-json\/wp\/v2\/comments?post=10659"}],"version-history":[{"count":4,"href":"https:\/\/cefrepa.cnrs.fr\/ar\/wp-json\/wp\/v2\/pages\/10659\/revisions"}],"predecessor-version":[{"id":10663,"href":"https:\/\/cefrepa.cnrs.fr\/ar\/wp-json\/wp\/v2\/pages\/10659\/revisions\/10663"}],"wp:attachment":[{"href":"https:\/\/cefrepa.cnrs.fr\/ar\/wp-json\/wp\/v2\/media?parent=10659"}],"curies":[{"name":"wp","href":"https:\/\/api.w.org\/{rel}","templated":true}]}}