{"id":16702,"date":"2025-09-23T07:43:09","date_gmt":"2025-09-23T07:43:09","guid":{"rendered":"https:\/\/cefrepa.cnrs.fr\/?page_id=16702"},"modified":"2025-09-24T07:38:58","modified_gmt":"2025-09-24T07:38:58","slug":"training-in-archeology","status":"publish","type":"page","link":"https:\/\/cefrepa.cnrs.fr\/fr\/training-in-archeology\/","title":{"rendered":"Formation en Archeologie"},"content":{"rendered":"\t\t<div data-elementor-type=\"wp-page\" data-elementor-id=\"16702\" class=\"elementor elementor-16702\">\n\t\t\t\t\t\t\t\t\t<section class=\"elementor-section elementor-top-section elementor-element elementor-element-777cb501 elementor-section-full_width elementor-section-stretched elementor-section-height-default elementor-section-height-default\" data-id=\"777cb501\" data-element_type=\"section\" data-settings=\"{&quot;stretch_section&quot;:&quot;section-stretched&quot;,&quot;background_background&quot;:&quot;classic&quot;}\">\n\t\t\t\t\t\t\t<div class=\"elementor-background-overlay\"><\/div>\n\t\t\t\t\t\t\t<div class=\"elementor-container elementor-column-gap-default\">\n\t\t\t\t\t<div class=\"elementor-column elementor-col-100 elementor-top-column elementor-element elementor-element-d424a3a\" data-id=\"d424a3a\" data-element_type=\"column\">\n\t\t\t<div class=\"elementor-widget-wrap elementor-element-populated\">\n\t\t\t\t\t\t\t\t<div class=\"elementor-element elementor-element-46068e62 elementor-widget elementor-widget-heading\" data-id=\"46068e62\" data-element_type=\"widget\" data-widget_type=\"heading.default\">\n\t\t\t\t<div class=\"elementor-widget-container\">\n\t\t\t<style>\/*! elementor - v3.18.0 - 20-12-2023 *\/\n.elementor-heading-title{padding:0;margin:0;line-height:1}.elementor-widget-heading .elementor-heading-title[class*=elementor-size-]>a{color:inherit;font-size:inherit;line-height:inherit}.elementor-widget-heading .elementor-heading-title.elementor-size-small{font-size:15px}.elementor-widget-heading .elementor-heading-title.elementor-size-medium{font-size:19px}.elementor-widget-heading .elementor-heading-title.elementor-size-large{font-size:29px}.elementor-widget-heading .elementor-heading-title.elementor-size-xl{font-size:39px}.elementor-widget-heading .elementor-heading-title.elementor-size-xxl{font-size:59px}<\/style><h2 class=\"elementor-heading-title elementor-size-default\">Formation en Archeologie<\/h2>\t\t<\/div>\n\t\t\t\t<\/div>\n\t\t\t\t\t<\/div>\n\t\t<\/div>\n\t\t\t\t\t\t\t<\/div>\n\t\t<\/section>\n\t\t\t\t<section class=\"elementor-section elementor-top-section elementor-element elementor-element-4db6e7c elementor-section-full_width elementor-section-stretched elementor-section-height-default elementor-section-height-default\" data-id=\"4db6e7c\" data-element_type=\"section\" data-settings=\"{&quot;stretch_section&quot;:&quot;section-stretched&quot;,&quot;background_background&quot;:&quot;classic&quot;}\">\n\t\t\t\t\t\t<div class=\"elementor-container elementor-column-gap-default\">\n\t\t\t\t\t<div class=\"elementor-column elementor-col-50 elementor-top-column elementor-element elementor-element-8567e59 elementor-invisible\" data-id=\"8567e59\" data-element_type=\"column\" data-settings=\"{&quot;animation&quot;:&quot;fadeInLeft&quot;,&quot;background_background&quot;:&quot;classic&quot;}\">\n\t\t\t<div class=\"elementor-widget-wrap elementor-element-populated\">\n\t\t\t\t\t\t\t\t<div class=\"elementor-element elementor-element-d4cc803 elementor-widget elementor-widget-loquet-heading-widget\" data-id=\"d4cc803\" data-element_type=\"widget\" data-widget_type=\"loquet-heading-widget.default\">\n\t\t\t\t<div class=\"elementor-widget-container\">\n\t\t\t<div class=\"gt-module-title gt-style-1 gt-align-left gt-light\"><div class=\"gt-title\">LANCEMENT DE LA COLLABORATION ENTRE NCCAL, CEFREPA ET ARCHA\u00cfOS<\/div><\/div>\t\t<\/div>\n\t\t\t\t<\/div>\n\t\t\t\t<div class=\"elementor-element elementor-element-377010c elementor-widget elementor-widget-loquet-heading-widget\" data-id=\"377010c\" data-element_type=\"widget\" data-widget_type=\"loquet-heading-widget.default\">\n\t\t\t\t<div class=\"elementor-widget-container\">\n\t\t\t<div class=\"gt-module-title gt-style-1 gt-align-left gt-light\"><div class=\"gt-title\">5 d\u00e9cembre 2024 au CEFREPA<\/div><\/div>\t\t<\/div>\n\t\t\t\t<\/div>\n\t\t\t\t<div class=\"elementor-element elementor-element-6bdf911 elementor-widget elementor-widget-text-editor\" data-id=\"6bdf911\" data-element_type=\"widget\" data-widget_type=\"text-editor.default\">\n\t\t\t\t<div class=\"elementor-widget-container\">\n\t\t\t<style>\/*! elementor - v3.18.0 - 20-12-2023 *\/\n.elementor-widget-text-editor.elementor-drop-cap-view-stacked .elementor-drop-cap{background-color:#69727d;color:#fff}.elementor-widget-text-editor.elementor-drop-cap-view-framed .elementor-drop-cap{color:#69727d;border:3px solid;background-color:transparent}.elementor-widget-text-editor:not(.elementor-drop-cap-view-default) .elementor-drop-cap{margin-top:8px}.elementor-widget-text-editor:not(.elementor-drop-cap-view-default) .elementor-drop-cap-letter{width:1em;height:1em}.elementor-widget-text-editor .elementor-drop-cap{float:left;text-align:center;line-height:1;font-size:50px}.elementor-widget-text-editor .elementor-drop-cap-letter{display:inline-block}<\/style>\t\t\t\t<p id=\"tw-target-text\" class=\"tw-data-text tw-text-large tw-ta\" dir=\"ltr\" tabindex=\"-1\" role=\"text\" data-placeholder=\"Translation\" data-ved=\"2ahUKEwjwiquv7_CPAxXAA9sEHQ16DVQQ3ewLegQICxAV\" aria-label=\"Translated text: Une collaboration entre NCCAL, CEFREPA et ARCHA\u00cfOS a \u00e9t\u00e9 lanc\u00e9e le 5 d\u00e9cembre 2024 au CEFREPA\"><strong><span class=\"Y2IQFc\" lang=\"fr\">Une collaboration entre NCCAL, CEFREPA et ARCHA\u00cfOS a \u00e9t\u00e9 lanc\u00e9e le 5 d\u00e9cembre 2024 au CEFREPA<\/span><\/strong><\/p>\t\t\t\t\t\t<\/div>\n\t\t\t\t<\/div>\n\t\t\t\t<div class=\"elementor-element elementor-element-207c183 elementor-widget elementor-widget-text-editor\" data-id=\"207c183\" data-element_type=\"widget\" data-widget_type=\"text-editor.default\">\n\t\t\t\t<div class=\"elementor-widget-container\">\n\t\t\t\t\t\t\t<p id=\"tw-target-text\" class=\"tw-data-text tw-text-large tw-ta\" dir=\"ltr\" tabindex=\"-1\" role=\"text\" data-placeholder=\"Translation\" data-ved=\"2ahUKEwjwiquv7_CPAxXAA9sEHQ16DVQQ3ewLegQICxAV\" aria-label=\"Translated text: Une soir\u00e9e exceptionnelle a eu lieu en pr\u00e9sence du Dr Muhammad Al-Jassar, Secr\u00e9taire g\u00e9n\u00e9ral du NCCAL, et de l'Ambassadeur Olivier Gauvin, marquant le lancement d'une collaboration entre le NCCAL, le CEFREPA et ARCHA\u00cfOS visant \u00e0 former des experts kowe\u00eftiens \u00e0 la restauration et \u00e0 la pr\u00e9servation du patrimoine historique.\n\nLe Conseil national de la culture, des arts et des lettres et la Fondation fran\u00e7aise \u00ab\u00a0ARCHA\u00cfOS\u00a0\u00bb ont particip\u00e9 \u00e0 un programme de formation innovant sp\u00e9cialis\u00e9 dans la restauration et la pr\u00e9servation du patrimoine historique, organis\u00e9 par le CEFREPA, en pr\u00e9sence de S.E. le Dr Muhammad Al-Jassar, Secr\u00e9taire g\u00e9n\u00e9ral du Conseil, et de M. Olivier Gauvin, Ambassadeur de France au Kowe\u00eft.\n\nLe Dr Makram Abbes, Directeur du Centre, a expliqu\u00e9 que ce programme est sp\u00e9cialis\u00e9 dans la restauration et la pr\u00e9servation du patrimoine historique. Il vise \u00e9galement \u00e0 doter les architectes et arch\u00e9ologues kowe\u00eftiens des comp\u00e9tences et des outils n\u00e9cessaires \u00e0 l'\u00e9tude des b\u00e2timents historiques et du patrimoine architectural.\n\nCette initiative constitue une \u00e9tape importante dans le renforcement de la coop\u00e9ration scientifique et culturelle entre le Kowe\u00eft et la France et confirme l'engagement des deux pays en faveur de la pr\u00e9servation et de la valorisation du patrimoine.\"><span class=\"Y2IQFc\" lang=\"fr\">Une soir\u00e9e exceptionnelle a eu lieu en pr\u00e9sence du Dr Muhammad Al-Jassar, Secr\u00e9taire g\u00e9n\u00e9ral du NCCAL, et de l&rsquo;Ambassadeur Olivier Gauvin, marquant le lancement d&rsquo;une collaboration entre le NCCAL, le CEFREPA et ARCHA\u00cfOS visant \u00e0 former des experts kowe\u00eftiens \u00e0 la restauration et \u00e0 la pr\u00e9servation du patrimoine historique. Le Conseil national de la culture, des arts et des lettres et la Fondation fran\u00e7aise \u00ab\u00a0ARCHA\u00cfOS\u00a0\u00bb ont particip\u00e9 \u00e0 un programme de formation innovant sp\u00e9cialis\u00e9 dans la restauration et la pr\u00e9servation du patrimoine historique, organis\u00e9 par le CEFREPA, en pr\u00e9sence de S.E. le Dr Muhammad Al-Jassar, Secr\u00e9taire g\u00e9n\u00e9ral du Conseil, et de M. Olivier Gauvin, Ambassadeur de France au Kowe\u00eft. Le Dr Makram Abbes, Directeur du Centre, a expliqu\u00e9 que ce programme est sp\u00e9cialis\u00e9 dans la restauration et la pr\u00e9servation du patrimoine historique. Il vise \u00e9galement \u00e0 doter les architectes et arch\u00e9ologues kowe\u00eftiens des comp\u00e9tences et des outils n\u00e9cessaires \u00e0 l&rsquo;\u00e9tude des b\u00e2timents historiques et du patrimoine architectural. Cette initiative constitue une \u00e9tape importante dans le renforcement de la coop\u00e9ration scientifique et culturelle entre le Kowe\u00eft et la France et confirme l&rsquo;engagement des deux pays en faveur de la pr\u00e9servation et de la valorisation du patrimoine.<\/span><\/p>\t\t\t\t\t\t<\/div>\n\t\t\t\t<\/div>\n\t\t\t\t\t<\/div>\n\t\t<\/div>\n\t\t\t\t<div class=\"elementor-column elementor-col-50 elementor-top-column elementor-element elementor-element-36065d8 elementor-invisible\" data-id=\"36065d8\" data-element_type=\"column\" data-settings=\"{&quot;animation&quot;:&quot;fadeInRight&quot;}\">\n\t\t\t<div class=\"elementor-widget-wrap elementor-element-populated\">\n\t\t\t\t\t\t\t\t<div class=\"elementor-element elementor-element-baf3e0b elementor-widget elementor-widget-image\" data-id=\"baf3e0b\" data-element_type=\"widget\" data-widget_type=\"image.default\">\n\t\t\t\t<div class=\"elementor-widget-container\">\n\t\t\t<style>\/*! elementor - v3.18.0 - 20-12-2023 *\/\n.elementor-widget-image{text-align:center}.elementor-widget-image a{display:inline-block}.elementor-widget-image a img[src$=\".svg\"]{width:48px}.elementor-widget-image img{vertical-align:middle;display:inline-block}<\/style>\t\t\t\t\t\t\t\t\t\t\t\t\t<a href=\"https:\/\/cefrepa.cnrs.fr\/wp-content\/uploads\/2025\/09\/IMG_1648.jpg\" data-elementor-open-lightbox=\"yes\" data-elementor-lightbox-title=\"IMG_1648\" data-e-action-hash=\"#elementor-action%3Aaction%3Dlightbox%26settings%3DeyJpZCI6MTY3NzMsInVybCI6Imh0dHBzOlwvXC9jZWZyZXBhLmNucnMuZnJcL3dwLWNvbnRlbnRcL3VwbG9hZHNcLzIwMjVcLzA5XC9JTUdfMTY0OC5qcGcifQ%3D%3D\">\n\t\t\t\t\t\t\t<img fetchpriority=\"high\" decoding=\"async\" width=\"1024\" height=\"568\" src=\"https:\/\/cefrepa.cnrs.fr\/wp-content\/uploads\/2025\/09\/IMG_1648-1024x568.jpg\" class=\"elementor-animation-wobble-to-top-right attachment-large size-large wp-image-16773\" alt=\"\" srcset=\"https:\/\/cefrepa.cnrs.fr\/wp-content\/uploads\/2025\/09\/IMG_1648-1024x568.jpg 1024w, https:\/\/cefrepa.cnrs.fr\/wp-content\/uploads\/2025\/09\/IMG_1648-300x166.jpg 300w, https:\/\/cefrepa.cnrs.fr\/wp-content\/uploads\/2025\/09\/IMG_1648-768x426.jpg 768w, https:\/\/cefrepa.cnrs.fr\/wp-content\/uploads\/2025\/09\/IMG_1648-1536x852.jpg 1536w, https:\/\/cefrepa.cnrs.fr\/wp-content\/uploads\/2025\/09\/IMG_1648-415x230.jpg 415w, https:\/\/cefrepa.cnrs.fr\/wp-content\/uploads\/2025\/09\/IMG_1648-650x361.jpg 650w, https:\/\/cefrepa.cnrs.fr\/wp-content\/uploads\/2025\/09\/IMG_1648-250x139.jpg 250w, https:\/\/cefrepa.cnrs.fr\/wp-content\/uploads\/2025\/09\/IMG_1648-600x333.jpg 600w, https:\/\/cefrepa.cnrs.fr\/wp-content\/uploads\/2025\/09\/IMG_1648.jpg 1700w\" sizes=\"(max-width: 1024px) 100vw, 1024px\" \/>\t\t\t\t\t\t\t\t<\/a>\n\t\t\t\t\t\t\t\t\t\t\t\t\t\t\t<\/div>\n\t\t\t\t<\/div>\n\t\t\t\t\t<\/div>\n\t\t<\/div>\n\t\t\t\t\t\t\t<\/div>\n\t\t<\/section>\n\t\t\t\t<section class=\"elementor-section elementor-top-section elementor-element elementor-element-822df25 elementor-section-full_width elementor-section-stretched elementor-section-height-default elementor-section-height-default\" data-id=\"822df25\" data-element_type=\"section\" data-settings=\"{&quot;stretch_section&quot;:&quot;section-stretched&quot;,&quot;background_background&quot;:&quot;classic&quot;}\">\n\t\t\t\t\t\t<div class=\"elementor-container elementor-column-gap-default\">\n\t\t\t\t\t<div class=\"elementor-column elementor-col-50 elementor-top-column elementor-element elementor-element-3bdd4be elementor-invisible\" data-id=\"3bdd4be\" data-element_type=\"column\" data-settings=\"{&quot;animation&quot;:&quot;fadeInLeft&quot;,&quot;background_background&quot;:&quot;classic&quot;}\">\n\t\t\t<div class=\"elementor-widget-wrap elementor-element-populated\">\n\t\t\t\t\t\t\t\t<div class=\"elementor-element elementor-element-6694b7b elementor-widget elementor-widget-loquet-heading-widget\" data-id=\"6694b7b\" data-element_type=\"widget\" data-widget_type=\"loquet-heading-widget.default\">\n\t\t\t\t<div class=\"elementor-widget-container\">\n\t\t\t<div class=\"gt-module-title gt-style-1 gt-align-left gt-light\"><div class=\"gt-title\">\u00ab Explorer la Terre comme mat\u00e9riau de construction \u00bb<\/div><\/div>\t\t<\/div>\n\t\t\t\t<\/div>\n\t\t\t\t<div class=\"elementor-element elementor-element-98828d8 elementor-widget elementor-widget-loquet-heading-widget\" data-id=\"98828d8\" data-element_type=\"widget\" data-widget_type=\"loquet-heading-widget.default\">\n\t\t\t\t<div class=\"elementor-widget-container\">\n\t\t\t<div class=\"gt-module-title gt-style-1 gt-align-left gt-light\"><div class=\"gt-title\">10, 11 et 12 octobre 2024<\/div><\/div>\t\t<\/div>\n\t\t\t\t<\/div>\n\t\t\t\t<div class=\"elementor-element elementor-element-6a9edf2 elementor-widget elementor-widget-text-editor\" data-id=\"6a9edf2\" data-element_type=\"widget\" data-widget_type=\"text-editor.default\">\n\t\t\t\t<div class=\"elementor-widget-container\">\n\t\t\t\t\t\t\t<div id=\"tw-container\" class=\"nev7se\" data-cp=\"1\" data-nnttsvi=\"1\" data-sletp=\"false\" data-sm=\"1\" data-ssbp=\"false\" data-sugg-time=\"500\" data-sugg-url=\"https:\/\/clients1.google.com\/complete\/search\" data-uilc=\"en\" data-vil=\",af,af-ZA,am,am-ET,ar-EG,ar-AE,ar-KW,ar-QA,ar,ar-IL,ar-JO,ar-LB,ar-PS,az,az-AZ,bg,bg-BG,bn,bn-BD,bn-IN,ca,ca-es,cs,cs-CZ,de,de-DE,de-CH,de-AT,de-LI,en,en-US,en-CA,en-AU,en-NZ,en-GB,en-IN,en-KE,en-TZ,en-NG,en-GH,en-PH,en-ZA,es,es-ES,es-AR,es-UY,es-419,es-BO,es-CL,es-CR,es-CO,es-DO,es-EC,es-GT,es-HN,es-NI,es-PA,es-PE,es-PR,es-PY,es-SV,es-VE,es-MX,es-US,eu,eu-ES,fi,fi-FI,fr,fr-FR,fr-CH,fr-BE,gl,gl-ES,gu,gu-IN,he,he-IL,iw,iw-IL,hu,hu-HU,hy,hy-AM,id,id-ID,is,is-IS,it,it-IT,it-CH,ja,ja-JP,jv,jv-ID,ka,ka-GE,km,km-KH,kn,kn-IN,ko,ko-KR,la,lo,lo-LA,lv,lv-LV,ml,ml-IN,mr,mr-IN,ms,ms-MY,nl,nl-NL,nb,nb-NO,ne,ne-NP,pl,pl-PL,pt,pt-BR,pt-PT,ro,ro-RO,ru,ru-RU,si-LK,sk,sk-SK,sr,sr-RS,su,su-ID,sv,sv-SE,sw,sw-TZ,sw-KE,ta,ta-IN,ta-SG,ta-LK,ta-MY,te,te-IN,tr,tr-TR,ur,ur-PK,ur-IN,yue,yue-HK,yue-Hant-HK,zh-HK,zh,zh-CN,zh-cmn,zh-cmn-CN,zh-Hans,zh-Hans-CN,zh-cmn-Hans,zh-cmn-Hans-CN,cmn-CN,cmn-Hans,cmn-Hans-CN,zh-TW,zh-Hant-TW,cmn-TW,cmn-Hant-TW,zh-cmn-TW,zh-cmn-Hant-TW,zu,zu-ZA,hi,hi-IN,tl,tl-PH,pa,pa-IN\"><div><div><div id=\"tw-ob\" class=\"tw-src-ltr\"><div class=\"oSioSc\"><div id=\"tw-target\"><div id=\"kAz1tf\" class=\"g9WsWb PZPZlf\" data-attrid=\"tw-targetArea\" data-entityname=\"Google Translate\"><div id=\"tw-target-text-container\" class=\"tw-ta-container tw-nfl\" tabindex=\"0\" role=\"text\"><p id=\"tw-target-text\" class=\"tw-data-text tw-text-large tw-ta\" dir=\"ltr\" tabindex=\"-1\" role=\"text\" data-placeholder=\"Translation\" data-ved=\"2ahUKEwjwiquv7_CPAxXAA9sEHQ16DVQQ3ewLegQICxAV\" aria-label=\"Translated text: Le CEFREPA a eu le plaisir d'organiser un atelier les 10, 11 et 12 octobre intitul\u00e9\u00a0: \u00ab\u00a0Explorer la terre comme mat\u00e9riau de construction\u00a0\u00bb. Nous adressons nos plus sinc\u00e8res remerciements \u00e0 Zahra Ali Baba, \u00e0 ses coll\u00e8gues du NCCAL et \u00e0 tous les participants pour ces journ\u00e9es de sensibilisation \u00e0 l'importance de la sauvegarde des techniques de construction anciennes et \u00e0 leur r\u00f4le dans la pr\u00e9servation du patrimoine et de l'identit\u00e9 nationale.\"><strong><span class=\"Y2IQFc\" lang=\"fr\">Le CEFREPA a eu le plaisir d&rsquo;organiser un atelier les 10, 11 et 12 octobre intitul\u00e9\u00a0: \u00ab\u00a0Explorer la terre comme mat\u00e9riau de construction\u00a0\u00bb. Nous adressons nos plus sinc\u00e8res remerciements \u00e0 Zahra Ali Baba, \u00e0 ses coll\u00e8gues du NCCAL et \u00e0 tous les participants pour ces journ\u00e9es de sensibilisation \u00e0 l&rsquo;importance de la sauvegarde des techniques de construction anciennes et \u00e0 leur r\u00f4le dans la pr\u00e9servation du patrimoine et de l&rsquo;identit\u00e9 nationale.<\/span><\/strong><\/p><\/div><div id=\"tw-target-rmn-container\" class=\"tw-target-rmn tw-ta-container tw-nfl\" tabindex=\"-1\" role=\"text\"><pre id=\"tw-target-rmn\" class=\"tw-data-placeholder tw-text-small tw-ta\" dir=\"ltr\" tabindex=\"-1\" role=\"text\" data-placeholder=\"\">\u00a0<\/pre><\/div><div class=\"iYB33c\"><div id=\"tw-tmenu\" class=\"tw-menu\">\u00a0<\/div><\/div><\/div><\/div><\/div><\/div><div id=\"tw-images\">\u00a0<\/div><div class=\"dURPtb\">\u00a0<\/div><div><div>\u00a0<\/div><\/div><\/div><\/div><\/div><p class=\"KFFQ0c xKf9F\">\u00a0<\/p>\t\t\t\t\t\t<\/div>\n\t\t\t\t<\/div>\n\t\t\t\t<div class=\"elementor-element elementor-element-b65ed88 elementor-widget elementor-widget-text-editor\" data-id=\"b65ed88\" data-element_type=\"widget\" data-widget_type=\"text-editor.default\">\n\t\t\t\t<div class=\"elementor-widget-container\">\n\t\t\t\t\t\t\t\t\t\t\t\t\t<\/div>\n\t\t\t\t<\/div>\n\t\t\t\t\t<\/div>\n\t\t<\/div>\n\t\t\t\t<div class=\"elementor-column elementor-col-50 elementor-top-column elementor-element elementor-element-a35f20f elementor-invisible\" data-id=\"a35f20f\" data-element_type=\"column\" data-settings=\"{&quot;animation&quot;:&quot;fadeInRight&quot;}\">\n\t\t\t<div class=\"elementor-widget-wrap elementor-element-populated\">\n\t\t\t\t\t\t\t\t<div class=\"elementor-element elementor-element-915e1b0 elementor-widget elementor-widget-image\" data-id=\"915e1b0\" data-element_type=\"widget\" data-widget_type=\"image.default\">\n\t\t\t\t<div class=\"elementor-widget-container\">\n\t\t\t\t\t\t\t\t\t\t\t\t\t\t\t\t<a href=\"https:\/\/cefrepa.cnrs.fr\/wp-content\/uploads\/2024\/12\/IMG_1450.jpg\" data-elementor-open-lightbox=\"yes\" data-elementor-lightbox-title=\"IMG_1450\" data-e-action-hash=\"#elementor-action%3Aaction%3Dlightbox%26settings%3DeyJpZCI6MTQ5MjQsInVybCI6Imh0dHBzOlwvXC9jZWZyZXBhLmNucnMuZnJcL3dwLWNvbnRlbnRcL3VwbG9hZHNcLzIwMjRcLzEyXC9JTUdfMTQ1MC5qcGcifQ%3D%3D\">\n\t\t\t\t\t\t\t<img decoding=\"async\" width=\"1024\" height=\"472\" src=\"https:\/\/cefrepa.cnrs.fr\/wp-content\/uploads\/2024\/12\/IMG_1450-1024x472.jpg\" class=\"elementor-animation-wobble-to-top-right attachment-large size-large wp-image-14924\" alt=\"\" srcset=\"https:\/\/cefrepa.cnrs.fr\/wp-content\/uploads\/2024\/12\/IMG_1450-1024x472.jpg 1024w, https:\/\/cefrepa.cnrs.fr\/wp-content\/uploads\/2024\/12\/IMG_1450-300x138.jpg 300w, https:\/\/cefrepa.cnrs.fr\/wp-content\/uploads\/2024\/12\/IMG_1450-768x354.jpg 768w, https:\/\/cefrepa.cnrs.fr\/wp-content\/uploads\/2024\/12\/IMG_1450-1536x708.jpg 1536w, https:\/\/cefrepa.cnrs.fr\/wp-content\/uploads\/2024\/12\/IMG_1450-415x191.jpg 415w, https:\/\/cefrepa.cnrs.fr\/wp-content\/uploads\/2024\/12\/IMG_1450-650x300.jpg 650w, https:\/\/cefrepa.cnrs.fr\/wp-content\/uploads\/2024\/12\/IMG_1450-250x115.jpg 250w, https:\/\/cefrepa.cnrs.fr\/wp-content\/uploads\/2024\/12\/IMG_1450-600x277.jpg 600w, https:\/\/cefrepa.cnrs.fr\/wp-content\/uploads\/2024\/12\/IMG_1450.jpg 1600w\" sizes=\"(max-width: 1024px) 100vw, 1024px\" \/>\t\t\t\t\t\t\t\t<\/a>\n\t\t\t\t\t\t\t\t\t\t\t\t\t\t\t<\/div>\n\t\t\t\t<\/div>\n\t\t\t\t\t<\/div>\n\t\t<\/div>\n\t\t\t\t\t\t\t<\/div>\n\t\t<\/section>\n\t\t\t\t\t\t\t<\/div>\n\t\t","protected":false},"excerpt":{"rendered":"<p>Formation en Archeologie LANCEMENT DE LA COLLABORATION ENTRE NCCAL, CEFREPA ET ARCHA\u00cfOS 5 d\u00e9cembre 2024 au CEFREPA Une collaboration entre NCCAL, CEFREPA et ARCHA\u00cfOS a&#8230;<\/p>\n","protected":false},"author":1,"featured_media":0,"parent":0,"menu_order":0,"comment_status":"closed","ping_status":"closed","template":"","meta":{"footnotes":""},"_links":{"self":[{"href":"https:\/\/cefrepa.cnrs.fr\/fr\/wp-json\/wp\/v2\/pages\/16702"}],"collection":[{"href":"https:\/\/cefrepa.cnrs.fr\/fr\/wp-json\/wp\/v2\/pages"}],"about":[{"href":"https:\/\/cefrepa.cnrs.fr\/fr\/wp-json\/wp\/v2\/types\/page"}],"author":[{"embeddable":true,"href":"https:\/\/cefrepa.cnrs.fr\/fr\/wp-json\/wp\/v2\/users\/1"}],"replies":[{"embeddable":true,"href":"https:\/\/cefrepa.cnrs.fr\/fr\/wp-json\/wp\/v2\/comments?post=16702"}],"version-history":[{"count":20,"href":"https:\/\/cefrepa.cnrs.fr\/fr\/wp-json\/wp\/v2\/pages\/16702\/revisions"}],"predecessor-version":[{"id":16794,"href":"https:\/\/cefrepa.cnrs.fr\/fr\/wp-json\/wp\/v2\/pages\/16702\/revisions\/16794"}],"wp:attachment":[{"href":"https:\/\/cefrepa.cnrs.fr\/fr\/wp-json\/wp\/v2\/media?parent=16702"}],"curies":[{"name":"wp","href":"https:\/\/api.w.org\/{rel}","templated":true}]}}