{"id":7694,"date":"2023-01-12T12:11:32","date_gmt":"2023-01-12T12:11:32","guid":{"rendered":"https:\/\/cefrepa.cnrs.fr\/axis-iii\/"},"modified":"2023-07-10T09:02:22","modified_gmt":"2023-07-10T09:02:22","slug":"axe-iii","status":"publish","type":"page","link":"https:\/\/cefrepa.cnrs.fr\/fr\/axe-iii\/","title":{"rendered":"Axe III &#8211; Espaces et mobilit\u00e9s dans la p\u00e9ninsule Arabique"},"content":{"rendered":"\t\t<div data-elementor-type=\"wp-page\" data-elementor-id=\"7694\" class=\"elementor elementor-7694\">\n\t\t\t\t\t\t\t\t\t<section class=\"elementor-section elementor-top-section elementor-element elementor-element-687ebab elementor-section-full_width elementor-section-stretched elementor-section-height-default elementor-section-height-default\" data-id=\"687ebab\" data-element_type=\"section\" data-settings=\"{&quot;stretch_section&quot;:&quot;section-stretched&quot;,&quot;background_background&quot;:&quot;classic&quot;}\">\n\t\t\t\t\t\t\t<div class=\"elementor-background-overlay\"><\/div>\n\t\t\t\t\t\t\t<div class=\"elementor-container elementor-column-gap-default\">\n\t\t\t\t\t<div class=\"elementor-column elementor-col-100 elementor-top-column elementor-element elementor-element-652bb65b\" data-id=\"652bb65b\" data-element_type=\"column\">\n\t\t\t<div class=\"elementor-widget-wrap elementor-element-populated\">\n\t\t\t\t\t\t\t\t<div class=\"elementor-element elementor-element-2319b3fa elementor-widget elementor-widget-heading\" data-id=\"2319b3fa\" data-element_type=\"widget\" data-widget_type=\"heading.default\">\n\t\t\t\t<div class=\"elementor-widget-container\">\n\t\t\t<style>\/*! elementor - v3.18.0 - 20-12-2023 *\/\n.elementor-heading-title{padding:0;margin:0;line-height:1}.elementor-widget-heading .elementor-heading-title[class*=elementor-size-]>a{color:inherit;font-size:inherit;line-height:inherit}.elementor-widget-heading .elementor-heading-title.elementor-size-small{font-size:15px}.elementor-widget-heading .elementor-heading-title.elementor-size-medium{font-size:19px}.elementor-widget-heading .elementor-heading-title.elementor-size-large{font-size:29px}.elementor-widget-heading .elementor-heading-title.elementor-size-xl{font-size:39px}.elementor-widget-heading .elementor-heading-title.elementor-size-xxl{font-size:59px}<\/style><h2 class=\"elementor-heading-title elementor-size-default\">Axe III<\/h2>\t\t<\/div>\n\t\t\t\t<\/div>\n\t\t\t\t\t<\/div>\n\t\t<\/div>\n\t\t\t\t\t\t\t<\/div>\n\t\t<\/section>\n\t\t\t\t<section class=\"elementor-section elementor-top-section elementor-element elementor-element-2d3bc6e0 elementor-section-full_width elementor-section-stretched elementor-section-height-default elementor-section-height-default\" data-id=\"2d3bc6e0\" data-element_type=\"section\" data-settings=\"{&quot;stretch_section&quot;:&quot;section-stretched&quot;,&quot;background_background&quot;:&quot;classic&quot;}\">\n\t\t\t\t\t\t<div class=\"elementor-container elementor-column-gap-default\">\n\t\t\t\t\t<div class=\"elementor-column elementor-col-50 elementor-top-column elementor-element elementor-element-4b385461 elementor-invisible\" data-id=\"4b385461\" data-element_type=\"column\" data-settings=\"{&quot;animation&quot;:&quot;fadeInLeft&quot;,&quot;background_background&quot;:&quot;classic&quot;}\">\n\t\t\t<div class=\"elementor-widget-wrap elementor-element-populated\">\n\t\t\t\t\t\t\t\t<div class=\"elementor-element elementor-element-5457a9de elementor-widget elementor-widget-loquet-heading-widget\" data-id=\"5457a9de\" data-element_type=\"widget\" data-widget_type=\"loquet-heading-widget.default\">\n\t\t\t\t<div class=\"elementor-widget-container\">\n\t\t\t<div class=\"gt-module-title gt-style-1 gt-align-left gt-light\"><div class=\"gt-sub-title\"><span>Axe III<\/span><\/div><div class=\"gt-title\">Espaces et mobilit\u00e9s dans la p\u00e9ninsule Arabique<\/div><\/div>\t\t<\/div>\n\t\t\t\t<\/div>\n\t\t\t\t<div class=\"elementor-element elementor-element-58e8ed1e elementor-widget elementor-widget-text-editor\" data-id=\"58e8ed1e\" data-element_type=\"widget\" data-widget_type=\"text-editor.default\">\n\t\t\t\t<div class=\"elementor-widget-container\">\n\t\t\t<style>\/*! elementor - v3.18.0 - 20-12-2023 *\/\n.elementor-widget-text-editor.elementor-drop-cap-view-stacked .elementor-drop-cap{background-color:#69727d;color:#fff}.elementor-widget-text-editor.elementor-drop-cap-view-framed .elementor-drop-cap{color:#69727d;border:3px solid;background-color:transparent}.elementor-widget-text-editor:not(.elementor-drop-cap-view-default) .elementor-drop-cap{margin-top:8px}.elementor-widget-text-editor:not(.elementor-drop-cap-view-default) .elementor-drop-cap-letter{width:1em;height:1em}.elementor-widget-text-editor .elementor-drop-cap{float:left;text-align:center;line-height:1;font-size:50px}.elementor-widget-text-editor .elementor-drop-cap-letter{display:inline-block}<\/style>\t\t\t\t\nS\u2019appuyant sur les sciences sociales (histoire, g\u00e9ographie, sociologie, anthropologie, sciences politiques), cet axe a pour but d\u2019explorer les diff\u00e9rentes formes de composition et de recomposition de l\u2019espace de la p\u00e9ninsule Arabique \u00e0 l\u2019\u00e9poque contemporaine.  Le rapport \u00e0 l\u2019espace et \u00e0 sa repr\u00e9sentation est envisag\u00e9 dans ses dimensions humaines (migrations, d\u00e9mographie), \u00e9conomiques (d\u00e9veloppement des villes, enjeux du p\u00e9trole et de l\u2019apr\u00e8s-p\u00e9trole) ainsi que socio-politiques (constructions des identit\u00e9s, cultures cosmopolitiques, mod\u00e8les sociaux) et artistiques (architecture, arts visuels, histoire de l\u2019art contemporain). \n\t\t\t\t\t\t<\/div>\n\t\t\t\t<\/div>\n\t\t\t\t\t<\/div>\n\t\t<\/div>\n\t\t\t\t<div class=\"elementor-column elementor-col-50 elementor-top-column elementor-element elementor-element-5c7c4a21 elementor-invisible\" data-id=\"5c7c4a21\" data-element_type=\"column\" data-settings=\"{&quot;animation&quot;:&quot;fadeInRight&quot;}\">\n\t\t\t<div class=\"elementor-widget-wrap elementor-element-populated\">\n\t\t\t\t\t\t\t\t<div class=\"elementor-element elementor-element-30e23913 elementor-widget elementor-widget-image\" data-id=\"30e23913\" data-element_type=\"widget\" data-widget_type=\"image.default\">\n\t\t\t\t<div class=\"elementor-widget-container\">\n\t\t\t<style>\/*! elementor - v3.18.0 - 20-12-2023 *\/\n.elementor-widget-image{text-align:center}.elementor-widget-image a{display:inline-block}.elementor-widget-image a img[src$=\".svg\"]{width:48px}.elementor-widget-image img{vertical-align:middle;display:inline-block}<\/style>\t\t\t\t\t\t\t\t\t\t\t\t\t<a href=\"https:\/\/cefrepa.cnrs.fr\/wp-content\/uploads\/2023\/01\/Farasan-Ville_Bayt-ar-Rifai_debut-XXe-s-02.jpg\" data-elementor-open-lightbox=\"yes\" data-elementor-lightbox-title=\"Farasan-Ville_Bayt-ar-Rifa&#039;i_debut-XXe-s-02\" data-e-action-hash=\"#elementor-action%3Aaction%3Dlightbox%26settings%3DeyJpZCI6Njk5MSwidXJsIjoiaHR0cHM6XC9cL2NlZnJlcGEuY25ycy5mclwvd3AtY29udGVudFwvdXBsb2Fkc1wvMjAyM1wvMDFcL0ZhcmFzYW4tVmlsbGVfQmF5dC1hci1SaWZhaV9kZWJ1dC1YWGUtcy0wMi5qcGcifQ%3D%3D\">\n\t\t\t\t\t\t\t<img fetchpriority=\"high\" decoding=\"async\" width=\"768\" height=\"576\" src=\"https:\/\/cefrepa.cnrs.fr\/wp-content\/uploads\/2023\/01\/Farasan-Ville_Bayt-ar-Rifai_debut-XXe-s-02.jpg\" class=\"elementor-animation-wobble-to-top-right attachment-full size-full wp-image-6991\" alt=\"\" srcset=\"https:\/\/cefrepa.cnrs.fr\/wp-content\/uploads\/2023\/01\/Farasan-Ville_Bayt-ar-Rifai_debut-XXe-s-02.jpg 768w, https:\/\/cefrepa.cnrs.fr\/wp-content\/uploads\/2023\/01\/Farasan-Ville_Bayt-ar-Rifai_debut-XXe-s-02-300x225.jpg 300w, https:\/\/cefrepa.cnrs.fr\/wp-content\/uploads\/2023\/01\/Farasan-Ville_Bayt-ar-Rifai_debut-XXe-s-02-640x480.jpg 640w, https:\/\/cefrepa.cnrs.fr\/wp-content\/uploads\/2023\/01\/Farasan-Ville_Bayt-ar-Rifai_debut-XXe-s-02-415x311.jpg 415w, https:\/\/cefrepa.cnrs.fr\/wp-content\/uploads\/2023\/01\/Farasan-Ville_Bayt-ar-Rifai_debut-XXe-s-02-650x488.jpg 650w, https:\/\/cefrepa.cnrs.fr\/wp-content\/uploads\/2023\/01\/Farasan-Ville_Bayt-ar-Rifai_debut-XXe-s-02-250x188.jpg 250w, https:\/\/cefrepa.cnrs.fr\/wp-content\/uploads\/2023\/01\/Farasan-Ville_Bayt-ar-Rifai_debut-XXe-s-02-600x450.jpg 600w\" sizes=\"(max-width: 768px) 100vw, 768px\" \/>\t\t\t\t\t\t\t\t<\/a>\n\t\t\t\t\t\t\t\t\t\t\t\t\t\t\t<\/div>\n\t\t\t\t<\/div>\n\t\t\t\t\t<\/div>\n\t\t<\/div>\n\t\t\t\t\t\t\t<\/div>\n\t\t<\/section>\n\t\t\t\t<section class=\"elementor-section elementor-top-section elementor-element elementor-element-6b7ff5a4 elementor-section-full_width elementor-section-stretched elementor-section-height-default elementor-section-height-default\" data-id=\"6b7ff5a4\" data-element_type=\"section\" data-settings=\"{&quot;stretch_section&quot;:&quot;section-stretched&quot;,&quot;background_background&quot;:&quot;classic&quot;}\">\n\t\t\t\t\t\t<div class=\"elementor-container elementor-column-gap-default\">\n\t\t\t\t\t<div class=\"elementor-column elementor-col-100 elementor-top-column elementor-element elementor-element-3df90e00 elementor-invisible\" data-id=\"3df90e00\" data-element_type=\"column\" data-settings=\"{&quot;animation&quot;:&quot;fadeInLeft&quot;,&quot;background_background&quot;:&quot;classic&quot;}\">\n\t\t\t<div class=\"elementor-widget-wrap elementor-element-populated\">\n\t\t\t\t\t\t\t\t<div class=\"elementor-element elementor-element-28ba92ca elementor-widget elementor-widget-text-editor\" data-id=\"28ba92ca\" data-element_type=\"widget\" data-widget_type=\"text-editor.default\">\n\t\t\t\t<div class=\"elementor-widget-container\">\n\t\t\t\t\t\t\tAfin de saisir \u00e0 la fois les enjeux locaux et globaux de l\u2019organisation de l\u2019espace et de sa repr\u00e9sentation contemporaine en contexte golfien, ces recherches se penchent entre autres sur les modes d\u2019urbanisation et les transformations territoriales en questionnant la mani\u00e8re dont se donnent \u00e0 voir des \u00e9volutions de l\u2019espace qui ne sont pas seulement mat\u00e9rielles et physiques, mais aussi sociales et symboliques. Par des prismes aussi originaux que vari\u00e9s que sont les pratiques artistiques, les subjectivit\u00e9s individuelles et collectives, les mobilit\u00e9s sociales ou encore l\u2019urbanisme et l\u2019architecture, la recherche d\u00e9di\u00e9e \u00e0 ces th\u00e8mes vise \u00e0 dessiner des pistes de r\u00e9flexion menant \u00e0 comprendre ce qui particularise ces th\u00e9matiques dans des contextes particuli\u00e8rement cliv\u00e9s et multiculturels. La transformation rural\/urbain, les processus identitaires, mais aussi l\u2019appropriation de l\u2019espace tant public que priv\u00e9 par les diff\u00e9rents habitants de la p\u00e9ninsule Arabique, sont ainsi au centre de la r\u00e9flexion des chercheurs dont les travaux rel\u00e8vent de l\u2019axe III. \t\t\t\t\t\t<\/div>\n\t\t\t\t<\/div>\n\t\t\t\t<div class=\"elementor-element elementor-element-7fb3c4cc elementor-widget elementor-widget-text-editor\" data-id=\"7fb3c4cc\" data-element_type=\"widget\" data-widget_type=\"text-editor.default\">\n\t\t\t\t<div class=\"elementor-widget-container\">\n\t\t\t\t\t\t\t<strong>1. Les transformations de l&rsquo;espace dans la p\u00e9ninsule Arabique : des villes de l&rsquo;encens aux villes du futur<\/strong><br\/>\n\nBien qu\u2019elles aient un pass\u00e9 qui plonge ses racines dans des \u00e9poques remontant \u00e0 la p\u00e9riode m\u00e9di\u00e9vale et parfois \u00e0 l\u2019Antiquit\u00e9, voire \u00e0 la pr\u00e9histoire, la plupart des villes de la p\u00e9ninsule Arabique se distinguent aujourd\u2019hui par l\u2019adoption d\u2019un paradigme de d\u00e9veloppement d\u2019inspiration n\u00e9olib\u00e9rale, ouvert sur l\u2019ext\u00e9rieur et r\u00e9solument tourn\u00e9e vers le futur. La coexistence de mod\u00e8les urbains anciens et de plans relevant de l\u2019ultra-moderne est ce qui frappe l\u2019observateur des mondes urbains qui se d\u00e9veloppent depuis un peu plus d\u2019un demi-si\u00e8cle, en lien notamment avec l\u2019industrie p\u00e9troli\u00e8re. \n<br\/>\nJadis \u00e9tapes importantes dans le commerce des caravanes, le commerce maritime et le commerce des perles, Mascate, Doha, Abou Dhabi, Manama, Kowe\u00eft City, ou les villes de l&rsquo;int\u00e9rieur comme les oasis du Qasim et de l&rsquo;Ahsa, sont devenues des villes dont les activit\u00e9s \u00e9conomiques et financi\u00e8res sont structur\u00e9es par l&rsquo;industrie des hydrocarbures. Cette particularit\u00e9 des pays du Golfe a provoqu\u00e9, parall\u00e8lement et en raison des enjeux plan\u00e9taires que constituent les questions de l\u2019environnement, la mise en place de plans d\u2019investissement orient\u00e9s vers la diversification de l\u2019\u00e9conomie, faisant ainsi de la transition \u00e9nerg\u00e9tique un d\u00e9fi majeur pour le Moyen-Orient. \n<br\/>\nLes plans pour l\u2019apr\u00e8s-p\u00e9trole ne sont pas nouveaux. Les recettes avanc\u00e9es pour rem\u00e9dier aux effets du contre-choc p\u00e9trolier dans les ann\u00e9es 1980 et 1990 sont toujours celles qui occupent les membres de l\u2019Organisation des pays exportateurs de p\u00e9trole (OPEP) : la limitation de la production par le biais des quotas afin de faire remonter les cours, la r\u00e9duction du r\u00f4le de l\u2019\u00c9tat et des d\u00e9penses publiques dans l\u2019\u00e9conomie, la nationalisation de la main-d\u2019\u0153uvre (la pr\u00e9f\u00e9rence nationale) et le r\u00f4le privil\u00e9gi\u00e9 accord\u00e9 au secteur priv\u00e9 pour diversifier les \u00e9conomies nationales. \n<br\/>\nCes dimensions \u00e9conomiques orientent les d\u00e9veloppements des mondes urbains et de leurs liens avec les mondes agraires et l\u2019espace du d\u00e9sert. Malgr\u00e9 les retards et l\u2019abandon de plusieurs mesures les plus \u00ab renouvelables \u00bb de Masdar aux portes d\u2019Abou Dhabi, le projet \u00abNeom\u00bb, dans le nord-ouest de l\u2019Arabie saoudite, reprend le mod\u00e8le d\u2019une bulle de hautes technologies et d\u2019\u00e9nergies vertes. Parce qu\u2019elle est conjugu\u00e9e \u00e0 l\u2019enterrement de l\u2019\u00c9tat-rentier, la transition \u00e9nerg\u00e9tique s\u2019av\u00e8re partout plus profonde qu\u2019un ensemble de r\u00e9formes purement \u00e9conomiques ; elle montre \u00e0 quel point les dynamiques \u00e9conomiques dans la p\u00e9ninsule Arabique sont associ\u00e9es aux reconfigurations sociales, culturelles et politiques qu\u2019elles g\u00e9n\u00e8rent \u00e0 l\u2019\u00e9chelle nationale et r\u00e9gionale.\t\t\t\t\t\t<\/div>\n\t\t\t\t<\/div>\n\t\t\t\t<div class=\"elementor-element elementor-element-4260603e elementor-widget elementor-widget-text-editor\" data-id=\"4260603e\" data-element_type=\"widget\" data-widget_type=\"text-editor.default\">\n\t\t\t\t<div class=\"elementor-widget-container\">\n\t\t\t\t\t\t\t<strong>2. Mobilit\u00e9s, migrations et cosmopolitismes <\/strong><br\/>\nAujourd&rsquo;hui, la p\u00e9ninsule Arabique s&rsquo;impose comme un hub international o\u00f9 converge les hommes, les femmes, les biens, les cultures et les capitaux. Sa modernisation rapide au XXe si\u00e8cle a acc\u00e9l\u00e9r\u00e9 le processus de mondialisation et de circulation des mod\u00e8les de soci\u00e9t\u00e9, d\u2019\u00e9conomie ou d\u2019urbanisme. Le d\u00e9veloppement urbain tr\u00e8s rapide favorise une croissance d\u00e9mographique in\u00e9dite : Duba\u00ef par exemple compte 1,5 millions d\u2019habitants en 1966. Aujourd\u2019hui, 3 millions de personnes vivent dans cette \u00ab ville globale \u00bb dont seulement 12% sont \u00e9miratis, le reste \u00e9tant des travailleurs immigr\u00e9s. \n<br\/>\nLe fait migratoire et les \u00e9changes culturels qu\u2019il facilite imposent de r\u00e9fl\u00e9chir sur les questions de transferts culturels, de l\u2019alt\u00e9rit\u00e9 et de la diversit\u00e9 dans le monde global. Ces \u00e9changes sont ainsi pris comme des r\u00e9v\u00e9lateurs des tensions provoqu\u00e9es par la remise en cause ou m\u00eame l\u2019\u00e9clatement des modes de vie et des repr\u00e9sentations, ainsi que comme des \u00e9l\u00e9ments explicatifs de l\u2019\u00e9volution des soci\u00e9t\u00e9s p\u00e9ninsulaires vers une trans-nationalit\u00e9 de plus en plus marqu\u00e9e. Attach\u00e9 \u00e0 l\u2019exploration des changements urbains en les articulant aux mobilit\u00e9s et migrations, les travaux relevant de cet axe \u0153uvrent \u00e0 comprendre les m\u00e9canismes de construction des villes globales, et plus particuli\u00e8rement, au sein des villes-mondes, ils cherchent \u00e0 r\u00e9fl\u00e9chir sur le concept de villes cosmopolites et \u00e0 saisir les manifestations empiriques du cosmopolitisme par une approche multidisciplinaire et comparative. \n<br\/>\nLes recherches men\u00e9es au CEFREPA dans cette perspective interrogent aussi les politiques publiques qui d\u00e9terminent fortement le rapport \u00e0 l\u2019espace public, les reconfigurations des rapports de genre, les diff\u00e9renciations g\u00e9n\u00e9rationnelles, en plus des appartenances locales (sociolinguistiques, ethniques, religieuses, etc.) dans des contextes cosmopolites. Les r\u00e9gimes migratoires et la constitution de communaut\u00e9s identitaires marqu\u00e9es des ph\u00e9nom\u00e8nes relatifs \u00e0 la globalisation sont \u00e9galement un domaine d\u2019investigation prioritaire de cet axe. Enfin, il s\u2019agit de saisir la mani\u00e8re dont se construisent les subjectivit\u00e9s, \u00e0 travers le fa\u00e7onnement d\u2019espaces quotidiens et d\u2019entre-soi eux-m\u00eames fortement particularis\u00e9s.\n<br\/>\nAu-del\u00e0 des fronti\u00e8res nationales ou r\u00e9gionales, l\u2019\u00e9tude de la mobilit\u00e9 permet de saisir les m\u00e9canismes socioculturels qui mettent en rapport individu, soci\u00e9t\u00e9 et espace. Cet axe aide donc \u00e0 la cr\u00e9ation d\u2019un espace de discussion intellectuelle sur cette th\u00e9matique encore m\u00e9connue dans l\u2019hexagone et qui est pourtant fortement d\u00e9battue dans de nombreux pays (Etats-Unis, Grande-Bretagne, Allemagne, Italie, Australie par exemple) : le cosmopolitisme comme analyse sp\u00e9cifique du vivre ensemble et du fonctionnement du lien social dans des villes globales.\n\t\t\t\t\t\t<\/div>\n\t\t\t\t<\/div>\n\t\t\t\t<div class=\"elementor-element elementor-element-221890cf elementor-widget elementor-widget-text-editor\" data-id=\"221890cf\" data-element_type=\"widget\" data-widget_type=\"text-editor.default\">\n\t\t\t\t<div class=\"elementor-widget-container\">\n\t\t\t\t\t\t\t<strong>3. Modernit\u00e9s urbaines et arts visuels <\/strong>\n<br\/>\nDepuis quelques ann\u00e9es, certaines villes de la p\u00e9ninsule Arabique aspirent \u00e0 jouer un nouveau r\u00f4le, celui de devenir une destination artistique et touristique de premier plan, et de jouer le r\u00f4le d\u2019un \u00ab hub \u00bb culturel, lieu de rencontre entre artistes de la r\u00e9gion mais aussi du monde. Initi\u00e9 par Duba\u00ef, ce processus est reproduit au Qatar, au Kowe\u00eft ou en Arabie saoudite, avec la multiplication des mus\u00e9es, des galeries, des centres de promotion de l\u2019art contemporain, souvent dans des espaces urbains p\u00e9riph\u00e9riques et industriels, ce qui a favoris\u00e9 la cr\u00e9ation d\u2019une sc\u00e8ne artistique golfienne et surtout d\u2019un march\u00e9 de l\u2019art qui est en pleine expansion. D\u2019Art Duba\u00ef, la foire d\u2019art contemporain cr\u00e9\u00e9e en 2006, \u00e0 l\u2019Exposition universelle inaugur\u00e9e en 2020, le domaine des arts visuels semble en effet vouloir contribuer \u00e0 changer non seulement l\u2019image de la ville mais la ville elle-m\u00eame.\n<br\/>\nAlors que l&rsquo;art contemporain conna\u00eet depuis quelques ann\u00e9es un essor sans pr\u00e9c\u00e9dent dans la p\u00e9ninsule Arabique, la litt\u00e9rature sur le sujet demeure \u00e9tonnement insuffisante. Le d\u00e9veloppement de parcs mus\u00e9aux d&rsquo;envergure aux Emirats arabes unis et au Qatar ont contribu\u00e9 \u00e0 attirer l&rsquo;attention des chercheurs sur les diff\u00e9rentes dimensions \u2013 politiques, \u00e9conomiques, g\u00e9opolitiques et sociales \u2013 de ces projets. En revanche, l&rsquo;histoire de l&rsquo;art contemporain dans l&rsquo;ensemble de la r\u00e9gion, la structuration et les \u00e9volutions des march\u00e9s et sc\u00e8nes artistiques, la multiplication des institutions publiques et initiatives priv\u00e9es, tout autant que les pratiques et mouvements artistiques actuels ne b\u00e9n\u00e9ficient pas de la m\u00eame attention. Pourtant, outre l&rsquo;int\u00e9r\u00eat purement historique et documentaire sur ce sujet, l&rsquo;art contemporain et les conceptions esth\u00e9tiques qui le sous-tendent constituent un point d&rsquo;entr\u00e9e pertinent pour comprendre et analyser les mutations r\u00e9centes de cette r\u00e9gion.\n<br\/>\nCe domaine de recherche a ainsi pour objectif de contribuer \u00e0 l&rsquo;\u00e9criture de l&rsquo;histoire de l&rsquo;art contemporain dans la p\u00e9ninsule Arabique, en lien notamment avec l\u2019\u00e9tude de l\u2019espace et de ses repr\u00e9sentations culturelles, esth\u00e9tiques et symboliques, le but \u00e9tant de proposer des outils th\u00e9oriques et conceptuels pour l&rsquo;aborder dans toute sa complexit\u00e9. R\u00e9solument pluridisciplinaire, il r\u00e9unit \u00e0 la fois des chercheurs et des professionnels \u2013 notamment des artistes, critiques d&rsquo;art et commissaires d&rsquo;exposition \u2013 des mondes de l&rsquo;art contemporain dans la r\u00e9gion. \n<br\/>\nLes recherches consacr\u00e9es aux arts visuels s\u2019attachent aussi \u00e0 d\u00e9crire les trajectoires d\u2019artistes et des pratiques artistiques tout en les reliant au contexte politique et historique la p\u00e9ninsule Arabique, avec pour finalit\u00e9 d\u2019interroger les rapports entre l\u2019\u00c9tat, ses institutions et les mondes de l\u2019art. Dans des pays o\u00f9 le m\u00e9c\u00e9nat \u00e9tatique est central dans l\u2019\u00e9mergence des sc\u00e8nes artistiques, les recherches conduites dans ce sous-axe se concentrent particuli\u00e8rement sur l\u2019\u00e9tude des politiques culturelles d\u2019un pays, afin d\u2019interroger le regard des artistes sur l\u2019\u00c9tat et l\u2019emprise de l\u2019\u00c9tat sur l\u2019art.\t\t\t\t\t\t<\/div>\n\t\t\t\t<\/div>\n\t\t\t\t\t<\/div>\n\t\t<\/div>\n\t\t\t\t\t\t\t<\/div>\n\t\t<\/section>\n\t\t\t\t\t\t\t<\/div>\n\t\t","protected":false},"excerpt":{"rendered":"<p>Axe III Axe IIIEspaces et mobilit\u00e9s dans la p\u00e9ninsule Arabique S\u2019appuyant sur les sciences sociales (histoire, g\u00e9ographie, sociologie, anthropologie, sciences politiques), cet axe a pour&#8230;<\/p>\n","protected":false},"author":1,"featured_media":0,"parent":0,"menu_order":0,"comment_status":"closed","ping_status":"closed","template":"","meta":{"footnotes":""},"_links":{"self":[{"href":"https:\/\/cefrepa.cnrs.fr\/fr\/wp-json\/wp\/v2\/pages\/7694"}],"collection":[{"href":"https:\/\/cefrepa.cnrs.fr\/fr\/wp-json\/wp\/v2\/pages"}],"about":[{"href":"https:\/\/cefrepa.cnrs.fr\/fr\/wp-json\/wp\/v2\/types\/page"}],"author":[{"embeddable":true,"href":"https:\/\/cefrepa.cnrs.fr\/fr\/wp-json\/wp\/v2\/users\/1"}],"replies":[{"embeddable":true,"href":"https:\/\/cefrepa.cnrs.fr\/fr\/wp-json\/wp\/v2\/comments?post=7694"}],"version-history":[{"count":16,"href":"https:\/\/cefrepa.cnrs.fr\/fr\/wp-json\/wp\/v2\/pages\/7694\/revisions"}],"predecessor-version":[{"id":11618,"href":"https:\/\/cefrepa.cnrs.fr\/fr\/wp-json\/wp\/v2\/pages\/7694\/revisions\/11618"}],"wp:attachment":[{"href":"https:\/\/cefrepa.cnrs.fr\/fr\/wp-json\/wp\/v2\/media?parent=7694"}],"curies":[{"name":"wp","href":"https:\/\/api.w.org\/{rel}","templated":true}]}}