{"id":7769,"date":"2023-01-17T13:22:02","date_gmt":"2023-01-17T13:22:02","guid":{"rendered":"https:\/\/cefrepa.cnrs.fr\/?page_id=7769"},"modified":"2025-08-31T07:42:06","modified_gmt":"2025-08-31T07:42:06","slug":"presentation","status":"publish","type":"page","link":"https:\/\/cefrepa.cnrs.fr\/fr\/presentation\/","title":{"rendered":"Pr\u00e9sentation"},"content":{"rendered":"\t\t<div data-elementor-type=\"wp-page\" data-elementor-id=\"7769\" class=\"elementor elementor-7769\">\n\t\t\t\t\t\t\t\t\t<section class=\"elementor-section elementor-top-section elementor-element elementor-element-777cb501 elementor-section-full_width elementor-section-stretched elementor-section-height-default elementor-section-height-default\" data-id=\"777cb501\" data-element_type=\"section\" data-settings=\"{&quot;stretch_section&quot;:&quot;section-stretched&quot;,&quot;background_background&quot;:&quot;classic&quot;}\">\n\t\t\t\t\t\t\t<div class=\"elementor-background-overlay\"><\/div>\n\t\t\t\t\t\t\t<div class=\"elementor-container elementor-column-gap-default\">\n\t\t\t\t\t<div class=\"elementor-column elementor-col-100 elementor-top-column elementor-element elementor-element-d424a3a\" data-id=\"d424a3a\" data-element_type=\"column\">\n\t\t\t<div class=\"elementor-widget-wrap elementor-element-populated\">\n\t\t\t\t\t\t\t\t<div class=\"elementor-element elementor-element-46068e62 elementor-widget elementor-widget-heading\" data-id=\"46068e62\" data-element_type=\"widget\" data-widget_type=\"heading.default\">\n\t\t\t\t<div class=\"elementor-widget-container\">\n\t\t\t<style>\/*! elementor - v3.18.0 - 20-12-2023 *\/\n.elementor-heading-title{padding:0;margin:0;line-height:1}.elementor-widget-heading .elementor-heading-title[class*=elementor-size-]>a{color:inherit;font-size:inherit;line-height:inherit}.elementor-widget-heading .elementor-heading-title.elementor-size-small{font-size:15px}.elementor-widget-heading .elementor-heading-title.elementor-size-medium{font-size:19px}.elementor-widget-heading .elementor-heading-title.elementor-size-large{font-size:29px}.elementor-widget-heading .elementor-heading-title.elementor-size-xl{font-size:39px}.elementor-widget-heading .elementor-heading-title.elementor-size-xxl{font-size:59px}<\/style><h2 class=\"elementor-heading-title elementor-size-default\">Pr\u00e9sentation<\/h2>\t\t<\/div>\n\t\t\t\t<\/div>\n\t\t\t\t\t<\/div>\n\t\t<\/div>\n\t\t\t\t\t\t\t<\/div>\n\t\t<\/section>\n\t\t\t\t<section class=\"elementor-section elementor-top-section elementor-element elementor-element-411b7c2d elementor-section-full_width elementor-section-stretched elementor-section-content-middle elementor-section-height-default elementor-section-height-default\" data-id=\"411b7c2d\" data-element_type=\"section\" data-settings=\"{&quot;stretch_section&quot;:&quot;section-stretched&quot;,&quot;background_background&quot;:&quot;classic&quot;}\">\n\t\t\t\t\t\t<div class=\"elementor-container elementor-column-gap-default\">\n\t\t\t\t\t<div class=\"elementor-column elementor-col-25 elementor-top-column elementor-element elementor-element-2f4d7938 elementor-invisible\" data-id=\"2f4d7938\" data-element_type=\"column\" data-settings=\"{&quot;animation&quot;:&quot;fadeInLeft&quot;,&quot;background_background&quot;:&quot;classic&quot;}\">\n\t\t\t<div class=\"elementor-widget-wrap elementor-element-populated\">\n\t\t\t\t\t\t\t\t<div class=\"elementor-element elementor-element-5bf66d23 elementor-widget elementor-widget-loquet-heading-widget\" data-id=\"5bf66d23\" data-element_type=\"widget\" data-widget_type=\"loquet-heading-widget.default\">\n\t\t\t\t<div class=\"elementor-widget-container\">\n\t\t\t<div class=\"gt-module-title gt-style-1 gt-align-left gt-light\"><div class=\"gt-title\">Pr\u00e9sentation<\/div><\/div>\t\t<\/div>\n\t\t\t\t<\/div>\n\t\t\t\t<div class=\"elementor-element elementor-element-664b77ea elementor-widget elementor-widget-text-editor\" data-id=\"664b77ea\" data-element_type=\"widget\" data-widget_type=\"text-editor.default\">\n\t\t\t\t<div class=\"elementor-widget-container\">\n\t\t\t<style>\/*! elementor - v3.18.0 - 20-12-2023 *\/\n.elementor-widget-text-editor.elementor-drop-cap-view-stacked .elementor-drop-cap{background-color:#69727d;color:#fff}.elementor-widget-text-editor.elementor-drop-cap-view-framed .elementor-drop-cap{color:#69727d;border:3px solid;background-color:transparent}.elementor-widget-text-editor:not(.elementor-drop-cap-view-default) .elementor-drop-cap{margin-top:8px}.elementor-widget-text-editor:not(.elementor-drop-cap-view-default) .elementor-drop-cap-letter{width:1em;height:1em}.elementor-widget-text-editor .elementor-drop-cap{float:left;text-align:center;line-height:1;font-size:50px}.elementor-widget-text-editor .elementor-drop-cap-letter{display:inline-block}<\/style>\t\t\t\tLe Centre fran\u00e7ais d\u2019arch\u00e9ologie et de sciences sociales (CEFAS), renomm\u00e9 Centre fran\u00e7ais de recherche de la p\u00e9ninsule Arabique (CEFREPA) d\u00e9but 2021, est un centre de recherche \u00e0 vocation r\u00e9gionale, qui a pour objectif de soutenir les recherches men\u00e9es sur l\u2019ensemble de la p\u00e9ninsule Arabique. Il fait partie du r\u00e9seau des Instituts fran\u00e7ais de recherche \u00e0 l\u2019\u00e9tranger (minist\u00e8re de l\u2019Europe et des Affaires \u00e9trang\u00e8res &#038; CNRS), qui est constitu\u00e9 de 27 \u00e9tablissements pr\u00e9sents dans plus de 30 pays.\n<br\/>\nIl dispose de deux antennes, l\u2019une \u00e0 Sanaa (Y\u00e9men), l\u2019autre \u00e0 Kowe\u00eft City.\n\n\t\t\t\t\t\t<\/div>\n\t\t\t\t<\/div>\n\t\t\t\t\t<\/div>\n\t\t<\/div>\n\t\t\t\t<div class=\"elementor-column elementor-col-25 elementor-top-column elementor-element elementor-element-46e1a4a6 elementor-invisible\" data-id=\"46e1a4a6\" data-element_type=\"column\" data-settings=\"{&quot;animation&quot;:&quot;fadeInRight&quot;}\">\n\t\t\t<div class=\"elementor-widget-wrap elementor-element-populated\">\n\t\t\t\t\t\t\t\t<div class=\"elementor-element elementor-element-74102afa elementor-widget elementor-widget-image\" data-id=\"74102afa\" data-element_type=\"widget\" data-widget_type=\"image.default\">\n\t\t\t\t<div class=\"elementor-widget-container\">\n\t\t\t<style>\/*! elementor - v3.18.0 - 20-12-2023 *\/\n.elementor-widget-image{text-align:center}.elementor-widget-image a{display:inline-block}.elementor-widget-image a img[src$=\".svg\"]{width:48px}.elementor-widget-image img{vertical-align:middle;display:inline-block}<\/style>\t\t\t\t\t\t\t\t\t\t\t\t\t<a href=\"https:\/\/cefrepa.cnrs.fr\/wp-content\/uploads\/2024\/05\/Logo-cfey-avec-le-nom.jpg\" data-elementor-open-lightbox=\"yes\" data-elementor-lightbox-title=\"Logo cfey avec le nom\" data-e-action-hash=\"#elementor-action%3Aaction%3Dlightbox%26settings%3DeyJpZCI6MTQyNjcsInVybCI6Imh0dHBzOlwvXC9jZWZyZXBhLmNucnMuZnJcL3dwLWNvbnRlbnRcL3VwbG9hZHNcLzIwMjRcLzA1XC9Mb2dvLWNmZXktYXZlYy1sZS1ub20uanBnIn0%3D\">\n\t\t\t\t\t\t\t<img fetchpriority=\"high\" decoding=\"async\" width=\"121\" height=\"432\" src=\"https:\/\/cefrepa.cnrs.fr\/wp-content\/uploads\/2024\/05\/Logo-cfey-avec-le-nom.jpg\" class=\"elementor-animation-wobble-to-top-right attachment-full size-full wp-image-14267\" alt=\"\" srcset=\"https:\/\/cefrepa.cnrs.fr\/wp-content\/uploads\/2024\/05\/Logo-cfey-avec-le-nom.jpg 121w, https:\/\/cefrepa.cnrs.fr\/wp-content\/uploads\/2024\/05\/Logo-cfey-avec-le-nom-84x300.jpg 84w\" sizes=\"(max-width: 121px) 100vw, 121px\" \/>\t\t\t\t\t\t\t\t<\/a>\n\t\t\t\t\t\t\t\t\t\t\t\t\t\t\t<\/div>\n\t\t\t\t<\/div>\n\t\t\t\t\t<\/div>\n\t\t<\/div>\n\t\t\t\t<div class=\"elementor-column elementor-col-25 elementor-top-column elementor-element elementor-element-b334e4c elementor-invisible\" data-id=\"b334e4c\" data-element_type=\"column\" data-settings=\"{&quot;animation&quot;:&quot;fadeInRight&quot;}\">\n\t\t\t<div class=\"elementor-widget-wrap elementor-element-populated\">\n\t\t\t\t\t\t\t\t<div class=\"elementor-element elementor-element-95d9254 elementor-widget elementor-widget-image\" data-id=\"95d9254\" data-element_type=\"widget\" data-widget_type=\"image.default\">\n\t\t\t\t<div class=\"elementor-widget-container\">\n\t\t\t\t\t\t\t\t\t\t\t\t\t\t\t\t<a href=\"https:\/\/cefrepa.cnrs.fr\/wp-content\/uploads\/2023\/01\/logocefasrouge.jpg\" data-elementor-open-lightbox=\"yes\" data-elementor-lightbox-title=\"Impression\" data-e-action-hash=\"#elementor-action%3Aaction%3Dlightbox%26settings%3DeyJpZCI6Nzc3NCwidXJsIjoiaHR0cHM6XC9cL2NlZnJlcGEuY25ycy5mclwvd3AtY29udGVudFwvdXBsb2Fkc1wvMjAyM1wvMDFcL2xvZ29jZWZhc3JvdWdlLmpwZyJ9\">\n\t\t\t\t\t\t\t<img decoding=\"async\" width=\"140\" height=\"184\" src=\"https:\/\/cefrepa.cnrs.fr\/wp-content\/uploads\/2023\/01\/logocefasrouge.jpg\" class=\"elementor-animation-wobble-to-top-right attachment-full size-full wp-image-7774\" alt=\"\" \/>\t\t\t\t\t\t\t\t<\/a>\n\t\t\t\t\t\t\t\t\t\t\t\t\t\t\t<\/div>\n\t\t\t\t<\/div>\n\t\t\t\t\t<\/div>\n\t\t<\/div>\n\t\t\t\t<div class=\"elementor-column elementor-col-25 elementor-top-column elementor-element elementor-element-cbcb871 elementor-invisible\" data-id=\"cbcb871\" data-element_type=\"column\" data-settings=\"{&quot;animation&quot;:&quot;fadeInRight&quot;}\">\n\t\t\t<div class=\"elementor-widget-wrap elementor-element-populated\">\n\t\t\t\t\t\t\t\t<div class=\"elementor-element elementor-element-6cc6f15 elementor-widget elementor-widget-image\" data-id=\"6cc6f15\" data-element_type=\"widget\" data-widget_type=\"image.default\">\n\t\t\t\t<div class=\"elementor-widget-container\">\n\t\t\t\t\t\t\t\t\t\t\t\t\t\t\t\t<a href=\"https:\/\/cefrepa.cnrs.fr\/wp-content\/uploads\/2022\/11\/logo.png\" data-elementor-open-lightbox=\"yes\" data-elementor-lightbox-title=\"logo\" data-e-action-hash=\"#elementor-action%3Aaction%3Dlightbox%26settings%3DeyJpZCI6NzQ5OSwidXJsIjoiaHR0cHM6XC9cL2NlZnJlcGEuY25ycy5mclwvd3AtY29udGVudFwvdXBsb2Fkc1wvMjAyMlwvMTFcL2xvZ28ucG5nIn0%3D\">\n\t\t\t\t\t\t\t<img decoding=\"async\" width=\"148\" height=\"200\" src=\"https:\/\/cefrepa.cnrs.fr\/wp-content\/uploads\/2022\/11\/logo.png\" class=\"elementor-animation-wobble-to-top-right attachment-full size-full wp-image-7499\" alt=\"\" \/>\t\t\t\t\t\t\t\t<\/a>\n\t\t\t\t\t\t\t\t\t\t\t\t\t\t\t<\/div>\n\t\t\t\t<\/div>\n\t\t\t\t\t<\/div>\n\t\t<\/div>\n\t\t\t\t\t\t\t<\/div>\n\t\t<\/section>\n\t\t\t\t<section class=\"elementor-section elementor-top-section elementor-element elementor-element-c984f4c elementor-section-full_width elementor-section-stretched elementor-section-height-default elementor-section-height-default\" data-id=\"c984f4c\" data-element_type=\"section\" data-settings=\"{&quot;stretch_section&quot;:&quot;section-stretched&quot;,&quot;background_background&quot;:&quot;classic&quot;}\">\n\t\t\t\t\t\t<div class=\"elementor-container elementor-column-gap-default\">\n\t\t\t\t\t<div class=\"elementor-column elementor-col-100 elementor-top-column elementor-element elementor-element-52eaa652 elementor-invisible\" data-id=\"52eaa652\" data-element_type=\"column\" data-settings=\"{&quot;animation&quot;:&quot;fadeInLeft&quot;,&quot;background_background&quot;:&quot;classic&quot;}\">\n\t\t\t<div class=\"elementor-widget-wrap elementor-element-populated\">\n\t\t\t\t\t\t\t\t<div class=\"elementor-element elementor-element-896766e elementor-widget elementor-widget-loquet-heading-widget\" data-id=\"896766e\" data-element_type=\"widget\" data-widget_type=\"loquet-heading-widget.default\">\n\t\t\t\t<div class=\"elementor-widget-container\">\n\t\t\t<div class=\"gt-module-title gt-style-1 gt-align-left gt-light\"><div class=\"gt-title\">HISTORIQUE<\/div><\/div>\t\t<\/div>\n\t\t\t\t<\/div>\n\t\t\t\t<div class=\"elementor-element elementor-element-1e3f247b elementor-widget elementor-widget-text-editor\" data-id=\"1e3f247b\" data-element_type=\"widget\" data-widget_type=\"text-editor.default\">\n\t\t\t\t<div class=\"elementor-widget-container\">\n\t\t\t\t\t\t\t<p>Le Centre Fran\u00e7ais d\u2019Etudes Y\u00e9m\u00e9nites (CFEY) a \u00e9t\u00e9 fond\u00e9 en 1982 \u00e0 Sanaa \u00e0 l\u2019initiative de Christian Robin et de R\u00e9my Audouin. Il avait pour vocation l\u2019accueil des missions arch\u00e9ologiques et des chercheurs en sciences sociales qui travaillaient sur le territoire de l\u2019ancienne R\u00e9publique Arabe du Y\u00e9men.<\/p><p>Renomm\u00e9 en 2001 Centre Fran\u00e7ais d\u2019Arch\u00e9ologie et de Sciences Sociales de Sanaa (CEFAS), sa zone de comp\u00e9tence s\u2019est \u00e9tendue, accueillant ponctuellement des \u00e9tudiants et des chercheurs travaillant aussi dans les pays limitrophes.<\/p><p>En 2002, les accords \u00e9tablis entre le Minist\u00e8re des Affaires \u00c9trang\u00e8res (MAE) et le Centre national de la recherche scientifique (CNRS) sont venus renforcer son assise scientifique en permettant l\u2019affectation de personnels de cette institution et la cr\u00e9ation d\u2019une unit\u00e9 mixte de services et de recherche (USR 3141).<\/p><p>Il fait partie du r\u00e9seau des 27 instituts de recherche fran\u00e7ais \u00e0 l&rsquo;\u00e9tranger (Minist\u00e8re de l&rsquo;Europe et des Affaires \u00e9trang\u00e8res et le CNRS)<\/p><p>En 2013, \u00e0 l\u2019initiative de ses tutelles, le CEFAS est devenu un institut r\u00e9gional sur l\u2019ensemble des pays de la p\u00e9ninsule Arabique (\u00c9mirats Arabes Unis, Kowe\u00eft, Qatar, R\u00e9publique du Y\u00e9men, Royaume d\u2019Arabie Saoudite, Royaume de Bahre\u00efn, Sultanat d\u2019Oman).<\/p><p>En 2016, un accord entre les autorit\u00e9s kowe\u00eftiennes et le MEAE a permis d\u2019ouvrir une antenne Kowe\u00eft City.<\/p><p>Depuis 2018, un bureau au sein l\u2019Omani Studies Center de Sultan Qaboos University est mis \u00e0 disposition du chercheur CNRS en d\u00e9l\u00e9gation.<\/p><p>Fin 2019, un bureau a \u00e9t\u00e9 ouvert \u00e0 Abu Dhabi, localis\u00e9 dans les locaux de SUAD.<\/p><p>En 2021, le CEFAS devient le Centre fran\u00e7ais de recherche de la p\u00e9ninsule Arabique (CEFREPA).<\/p><p>En 2023, Le CEFREPA annonce l&rsquo;ouverture d&rsquo;une nouvelle antenne en Arabie Saoudite (AlUla).\u00a0<\/p>\t\t\t\t\t\t<\/div>\n\t\t\t\t<\/div>\n\t\t\t\t\t<\/div>\n\t\t<\/div>\n\t\t\t\t\t\t\t<\/div>\n\t\t<\/section>\n\t\t\t\t<section class=\"elementor-section elementor-top-section elementor-element elementor-element-fbd2a12 elementor-section-full_width elementor-section-stretched elementor-section-height-default elementor-section-height-default\" data-id=\"fbd2a12\" data-element_type=\"section\" data-settings=\"{&quot;stretch_section&quot;:&quot;section-stretched&quot;,&quot;background_background&quot;:&quot;classic&quot;}\">\n\t\t\t\t\t\t<div class=\"elementor-container elementor-column-gap-default\">\n\t\t\t\t\t<div class=\"elementor-column elementor-col-100 elementor-top-column elementor-element elementor-element-8eb305b elementor-invisible\" data-id=\"8eb305b\" data-element_type=\"column\" data-settings=\"{&quot;animation&quot;:&quot;fadeInLeft&quot;,&quot;background_background&quot;:&quot;classic&quot;}\">\n\t\t\t<div class=\"elementor-widget-wrap elementor-element-populated\">\n\t\t\t\t\t\t\t\t<div class=\"elementor-element elementor-element-a1574da elementor-widget elementor-widget-loquet-heading-widget\" data-id=\"a1574da\" data-element_type=\"widget\" data-widget_type=\"loquet-heading-widget.default\">\n\t\t\t\t<div class=\"elementor-widget-container\">\n\t\t\t<div class=\"gt-module-title gt-style-1 gt-align-left gt-light\"><div class=\"gt-title\">LA RECHERCHE AU CEFREPA<\/div><\/div>\t\t<\/div>\n\t\t\t\t<\/div>\n\t\t\t\t<div class=\"elementor-element elementor-element-5fd0fae elementor-widget elementor-widget-text-editor\" data-id=\"5fd0fae\" data-element_type=\"widget\" data-widget_type=\"text-editor.default\">\n\t\t\t\t<div class=\"elementor-widget-container\">\n\t\t\t\t\t\t\tLe CEFREPA a vocation \u00e0 initier, coordonner et soutenir les travaux des chercheurs et des \u00e9tudiants en sciences humaines et sociales ainsi qu\u2019en arch\u00e9ologie sur l\u2019ensemble de la p\u00e9ninsule Arabique, en coordination avec les institutions et les \u00e9quipes de recherche en France et en Europe, et les institutions de pays de comp\u00e9tence.\n\n\t\t\t\t\t\t<\/div>\n\t\t\t\t<\/div>\n\t\t\t\t\t<\/div>\n\t\t<\/div>\n\t\t\t\t\t\t\t<\/div>\n\t\t<\/section>\n\t\t\t\t<section class=\"elementor-section elementor-top-section elementor-element elementor-element-d6937dc elementor-section-full_width elementor-section-stretched elementor-section-height-default elementor-section-height-default\" data-id=\"d6937dc\" data-element_type=\"section\" data-settings=\"{&quot;stretch_section&quot;:&quot;section-stretched&quot;,&quot;background_background&quot;:&quot;classic&quot;}\">\n\t\t\t\t\t\t<div class=\"elementor-container elementor-column-gap-default\">\n\t\t\t\t\t<div class=\"elementor-column elementor-col-100 elementor-top-column elementor-element elementor-element-30d24e7 elementor-invisible\" data-id=\"30d24e7\" data-element_type=\"column\" data-settings=\"{&quot;animation&quot;:&quot;fadeInLeft&quot;,&quot;background_background&quot;:&quot;classic&quot;}\">\n\t\t\t<div class=\"elementor-widget-wrap elementor-element-populated\">\n\t\t\t\t\t\t\t\t<div class=\"elementor-element elementor-element-8bdbe8d elementor-widget elementor-widget-loquet-heading-widget\" data-id=\"8bdbe8d\" data-element_type=\"widget\" data-widget_type=\"loquet-heading-widget.default\">\n\t\t\t\t<div class=\"elementor-widget-container\">\n\t\t\t<div class=\"gt-module-title gt-style-1 gt-align-left gt-light\"><div class=\"gt-title\">Un lieu de formation \u00e0 la recherche<\/div><\/div>\t\t<\/div>\n\t\t\t\t<\/div>\n\t\t\t\t<div class=\"elementor-element elementor-element-7bb9e38 elementor-widget elementor-widget-text-editor\" data-id=\"7bb9e38\" data-element_type=\"widget\" data-widget_type=\"text-editor.default\">\n\t\t\t\t<div class=\"elementor-widget-container\">\n\t\t\t\t\t\t\tA travers un programme d\u2019aides \u00e0 la mobilit\u00e9, le CEFREPA apporte son soutien \u00e0 des \u00e9tudiants inscrits en master 2 ou en doctorat dans une universit\u00e9 fran\u00e7aise ou europ\u00e9enne, pour leur permettre de mener des projets de recherche dans les pays de la p\u00e9ninsule Arabique. Il accueille \u00e9galement des \u00e9tudiants stagiaires. Le CEFREPA peut \u00e9ventuellement faciliter le s\u00e9jour d\u2019\u00e9tudiants d\u00e9sireux de suivre des sessions intensives ou des cours annuels de langue arabe dispens\u00e9s par les institutions locales.\n\n\t\t\t\t\t\t<\/div>\n\t\t\t\t<\/div>\n\t\t\t\t\t<\/div>\n\t\t<\/div>\n\t\t\t\t\t\t\t<\/div>\n\t\t<\/section>\n\t\t\t\t<section class=\"elementor-section elementor-top-section elementor-element elementor-element-9e8208e elementor-section-full_width elementor-section-stretched elementor-section-height-default elementor-section-height-default\" data-id=\"9e8208e\" data-element_type=\"section\" data-settings=\"{&quot;stretch_section&quot;:&quot;section-stretched&quot;,&quot;background_background&quot;:&quot;classic&quot;}\">\n\t\t\t\t\t\t<div class=\"elementor-container elementor-column-gap-default\">\n\t\t\t\t\t<div class=\"elementor-column elementor-col-100 elementor-top-column elementor-element elementor-element-22b471e elementor-invisible\" data-id=\"22b471e\" data-element_type=\"column\" data-settings=\"{&quot;animation&quot;:&quot;fadeInLeft&quot;,&quot;background_background&quot;:&quot;classic&quot;}\">\n\t\t\t<div class=\"elementor-widget-wrap elementor-element-populated\">\n\t\t\t\t\t\t\t\t<div class=\"elementor-element elementor-element-ed5c20a elementor-widget elementor-widget-loquet-heading-widget\" data-id=\"ed5c20a\" data-element_type=\"widget\" data-widget_type=\"loquet-heading-widget.default\">\n\t\t\t\t<div class=\"elementor-widget-container\">\n\t\t\t<div class=\"gt-module-title gt-style-1 gt-align-left gt-light\"><div class=\"gt-title\">Un lieu de coop\u00e9ration<\/div><\/div>\t\t<\/div>\n\t\t\t\t<\/div>\n\t\t\t\t<div class=\"elementor-element elementor-element-40ca851 elementor-widget elementor-widget-text-editor\" data-id=\"40ca851\" data-element_type=\"widget\" data-widget_type=\"text-editor.default\">\n\t\t\t\t<div class=\"elementor-widget-container\">\n\t\t\t\t\t\t\tLe CEFREPA collabore, sous forme de partenariats et de programmes de recherches, avec des institutions universitaires et des centres de recherche, tant en France et en Europe que dans les pays de la p\u00e9ninsule Arabique.\n\n\t\t\t\t\t\t<\/div>\n\t\t\t\t<\/div>\n\t\t\t\t\t<\/div>\n\t\t<\/div>\n\t\t\t\t\t\t\t<\/div>\n\t\t<\/section>\n\t\t\t\t<section class=\"elementor-section elementor-top-section elementor-element elementor-element-a77146f elementor-section-full_width elementor-section-stretched elementor-section-height-default elementor-section-height-default\" data-id=\"a77146f\" data-element_type=\"section\" data-settings=\"{&quot;stretch_section&quot;:&quot;section-stretched&quot;,&quot;background_background&quot;:&quot;classic&quot;}\">\n\t\t\t\t\t\t<div class=\"elementor-container elementor-column-gap-default\">\n\t\t\t\t\t<div class=\"elementor-column elementor-col-100 elementor-top-column elementor-element elementor-element-6c42f93 elementor-invisible\" data-id=\"6c42f93\" data-element_type=\"column\" data-settings=\"{&quot;animation&quot;:&quot;fadeInLeft&quot;,&quot;background_background&quot;:&quot;classic&quot;}\">\n\t\t\t<div class=\"elementor-widget-wrap elementor-element-populated\">\n\t\t\t\t\t\t\t\t<div class=\"elementor-element elementor-element-17b241b elementor-widget elementor-widget-loquet-heading-widget\" data-id=\"17b241b\" data-element_type=\"widget\" data-widget_type=\"loquet-heading-widget.default\">\n\t\t\t\t<div class=\"elementor-widget-container\">\n\t\t\t<div class=\"gt-module-title gt-style-1 gt-align-left gt-light\"><div class=\"gt-title\">Un centre de ressources documentaires<\/div><\/div>\t\t<\/div>\n\t\t\t\t<\/div>\n\t\t\t\t<div class=\"elementor-element elementor-element-04b474f elementor-widget elementor-widget-text-editor\" data-id=\"04b474f\" data-element_type=\"widget\" data-widget_type=\"text-editor.default\">\n\t\t\t\t<div class=\"elementor-widget-container\">\n\t\t\t\t\t\t\tA Sanaa, le CEFREPA disposait d\u2019une biblioth\u00e8que de pr\u00e8s de 9 000 volumes, de collections de revues scientifiques, de collections de quotidiens et de p\u00e9riodiques, ainsi que d\u2019une carthoth\u00e8que portant essentiellement sur le Y\u00e9men. Depuis la mise en veille du Centre au Y\u00e9men, ce fonds documentaire, qui est conserv\u00e9 dans des caisses, n\u2019est plus accessible\n<br\/>\nLe CEFREPA poss\u00e8de aussi \u00e0 Kowe\u00eft City une biblioth\u00e8que comportant un millier d\u2019ouvrages, revues et journaux portant essentiellement sur l\u2019arch\u00e9ologie et l\u2019histoire ancienne et r\u00e9cente de la p\u00e9ninsule Arabique. Ce fonds en en cours d\u2019enrichissement.\n\n\t\t\t\t\t\t<\/div>\n\t\t\t\t<\/div>\n\t\t\t\t\t<\/div>\n\t\t<\/div>\n\t\t\t\t\t\t\t<\/div>\n\t\t<\/section>\n\t\t\t\t<section class=\"elementor-section elementor-top-section elementor-element elementor-element-12e6489 elementor-section-full_width elementor-section-stretched elementor-section-height-default elementor-section-height-default\" data-id=\"12e6489\" data-element_type=\"section\" data-settings=\"{&quot;stretch_section&quot;:&quot;section-stretched&quot;,&quot;background_background&quot;:&quot;classic&quot;}\">\n\t\t\t\t\t\t<div class=\"elementor-container elementor-column-gap-default\">\n\t\t\t\t\t<div class=\"elementor-column elementor-col-100 elementor-top-column elementor-element elementor-element-b7c778d elementor-invisible\" data-id=\"b7c778d\" data-element_type=\"column\" data-settings=\"{&quot;animation&quot;:&quot;fadeInLeft&quot;,&quot;background_background&quot;:&quot;classic&quot;}\">\n\t\t\t<div class=\"elementor-widget-wrap elementor-element-populated\">\n\t\t\t\t\t\t\t\t<div class=\"elementor-element elementor-element-ebb06c9 elementor-widget elementor-widget-loquet-heading-widget\" data-id=\"ebb06c9\" data-element_type=\"widget\" data-widget_type=\"loquet-heading-widget.default\">\n\t\t\t\t<div class=\"elementor-widget-container\">\n\t\t\t<div class=\"gt-module-title gt-style-1 gt-align-left gt-light\"><div class=\"gt-title\">Un centre de diffusion du savoir<\/div><\/div>\t\t<\/div>\n\t\t\t\t<\/div>\n\t\t\t\t<div class=\"elementor-element elementor-element-8b77afa elementor-widget elementor-widget-text-editor\" data-id=\"8b77afa\" data-element_type=\"widget\" data-widget_type=\"text-editor.default\">\n\t\t\t\t<div class=\"elementor-widget-container\">\n\t\t\t\t\t\t\tLe CEFREPA publie des ouvrages sous format papier et\/ou \u00e9lectronique en langues europ\u00e9ennes et en arabe, le plus souvent en co-\u00e9dition dans des pays du Moyen-Orient ou en France. Il collabore \u00e0 la plateforme OpenEdition\n<br\/>\nLe CEFREPA \u00e9dite aussi des revues afin de valoriser les travaux qui y sont men\u00e9s et participer au renouvellement du savoir dans ses champs de comp\u00e9tence :\n<ul>\n<li>\nLa revue Chroniques Y\u00e9m\u00e9nites a \u00e9t\u00e9 publi\u00e9e entre 1993 et 2013. D\u00e9sormais enti\u00e8rement num\u00e9ris\u00e9e, elle est disponible en ligne (https:\/\/cy.revues.org\/201).\n\n<\/li>\n<li>\nCr\u00e9\u00e9e en 2006, Chroniques du manuscrit au Y\u00e9men est une revue consacr\u00e9e \u00e0 l\u2019\u00e9tude des manuscrits du Y\u00e9men. Jusqu\u2019en 2014 elle a \u00e9t\u00e9 \u00e9dit\u00e9e par le CEFREPA et diffus\u00e9e exclusivement en ligne (https:\/\/cmy.revues.org\/).\n\n<\/li>\n<li>\nArabian Humanities a succ\u00e9d\u00e9, en 2013, aux Chroniques y\u00e9m\u00e9nites. Cette revue \u00e0 comit\u00e9 de lecture multilingue (fran\u00e7ais, anglais et arabe) est publi\u00e9e exclusivement en ligne (http:\/\/cy.revues.org\/2008) avec le soutien de l\u2019InSHS du CNRS. R\u00e9solument tourn\u00e9e vers l\u2019international et ouverte \u00e0 l\u2019ensemble de la p\u00e9ninsule Arabique, elle couvre, \u00e0 un rythme biannuel, l\u2019ensemble des domaines des sciences humaines allant de la pr\u00e9histoire jusqu\u2019aux soci\u00e9t\u00e9s actuelles.\n\n<\/li>\n<\/ul>\nLe CEFREPA organise des manifestations scientifiques (colloques, journ\u00e9es d\u2019\u00e9tude, s\u00e9minaires) avec ses partenaires locaux et internationaux, ainsi que des cycles de conf\u00e9rences en fran\u00e7ais, en anglais et en arabe.\n\n\t\t\t\t\t\t<\/div>\n\t\t\t\t<\/div>\n\t\t\t\t\t<\/div>\n\t\t<\/div>\n\t\t\t\t\t\t\t<\/div>\n\t\t<\/section>\n\t\t\t\t\t\t\t<\/div>\n\t\t","protected":false},"excerpt":{"rendered":"<p>Pr\u00e9sentation Pr\u00e9sentation Le Centre fran\u00e7ais d\u2019arch\u00e9ologie et de sciences sociales (CEFAS), renomm\u00e9 Centre fran\u00e7ais de recherche de la p\u00e9ninsule Arabique (CEFREPA) d\u00e9but 2021, est un&#8230;<\/p>\n","protected":false},"author":1,"featured_media":0,"parent":0,"menu_order":0,"comment_status":"closed","ping_status":"closed","template":"","meta":{"footnotes":""},"_links":{"self":[{"href":"https:\/\/cefrepa.cnrs.fr\/fr\/wp-json\/wp\/v2\/pages\/7769"}],"collection":[{"href":"https:\/\/cefrepa.cnrs.fr\/fr\/wp-json\/wp\/v2\/pages"}],"about":[{"href":"https:\/\/cefrepa.cnrs.fr\/fr\/wp-json\/wp\/v2\/types\/page"}],"author":[{"embeddable":true,"href":"https:\/\/cefrepa.cnrs.fr\/fr\/wp-json\/wp\/v2\/users\/1"}],"replies":[{"embeddable":true,"href":"https:\/\/cefrepa.cnrs.fr\/fr\/wp-json\/wp\/v2\/comments?post=7769"}],"version-history":[{"count":58,"href":"https:\/\/cefrepa.cnrs.fr\/fr\/wp-json\/wp\/v2\/pages\/7769\/revisions"}],"predecessor-version":[{"id":16203,"href":"https:\/\/cefrepa.cnrs.fr\/fr\/wp-json\/wp\/v2\/pages\/7769\/revisions\/16203"}],"wp:attachment":[{"href":"https:\/\/cefrepa.cnrs.fr\/fr\/wp-json\/wp\/v2\/media?parent=7769"}],"curies":[{"name":"wp","href":"https:\/\/api.w.org\/{rel}","templated":true}]}}