{"id":9236,"date":"2023-01-27T05:17:53","date_gmt":"2023-01-27T05:17:53","guid":{"rendered":"https:\/\/cefrepa.cnrs.fr\/?page_id=9236"},"modified":"2023-02-13T07:14:59","modified_gmt":"2023-02-13T07:14:59","slug":"phd-in-english-in-history-on-the-arabian-peninsula-1963-2020","status":"publish","type":"page","link":"https:\/\/cefrepa.cnrs.fr\/fr\/phd-in-english-in-history-on-the-arabian-peninsula-1963-2020\/","title":{"rendered":"PhD (in English) in History on the Arabian Peninsula 1963-2020"},"content":{"rendered":"\t\t<div data-elementor-type=\"wp-page\" data-elementor-id=\"9236\" class=\"elementor elementor-9236\">\n\t\t\t\t\t\t\t\t\t<section class=\"elementor-section elementor-top-section elementor-element elementor-element-777cb501 elementor-section-full_width elementor-section-stretched elementor-section-height-default elementor-section-height-default\" data-id=\"777cb501\" data-element_type=\"section\" data-settings=\"{&quot;stretch_section&quot;:&quot;section-stretched&quot;,&quot;background_background&quot;:&quot;classic&quot;}\">\n\t\t\t\t\t\t\t<div class=\"elementor-background-overlay\"><\/div>\n\t\t\t\t\t\t\t<div class=\"elementor-container elementor-column-gap-default\">\n\t\t\t\t\t<div class=\"elementor-column elementor-col-100 elementor-top-column elementor-element elementor-element-d424a3a\" data-id=\"d424a3a\" data-element_type=\"column\">\n\t\t\t<div class=\"elementor-widget-wrap elementor-element-populated\">\n\t\t\t\t\t\t\t\t<div class=\"elementor-element elementor-element-46068e62 elementor-widget elementor-widget-heading\" data-id=\"46068e62\" data-element_type=\"widget\" data-widget_type=\"heading.default\">\n\t\t\t\t<div class=\"elementor-widget-container\">\n\t\t\t<style>\/*! elementor - v3.18.0 - 20-12-2023 *\/\n.elementor-heading-title{padding:0;margin:0;line-height:1}.elementor-widget-heading .elementor-heading-title[class*=elementor-size-]>a{color:inherit;font-size:inherit;line-height:inherit}.elementor-widget-heading .elementor-heading-title.elementor-size-small{font-size:15px}.elementor-widget-heading .elementor-heading-title.elementor-size-medium{font-size:19px}.elementor-widget-heading .elementor-heading-title.elementor-size-large{font-size:29px}.elementor-widget-heading .elementor-heading-title.elementor-size-xl{font-size:39px}.elementor-widget-heading .elementor-heading-title.elementor-size-xxl{font-size:59px}<\/style><h2 class=\"elementor-heading-title elementor-size-default\">Th\u00e8ses en fran\u00e7ais et en anglais sur la P\u00e9ninsule Arabique<\/h2>\t\t<\/div>\n\t\t\t\t<\/div>\n\t\t\t\t\t<\/div>\n\t\t<\/div>\n\t\t\t\t\t\t\t<\/div>\n\t\t<\/section>\n\t\t\t\t<section class=\"elementor-section elementor-top-section elementor-element elementor-element-2a17946 elementor-section-full_width elementor-section-stretched elementor-section-content-bottom elementor-section-height-default elementor-section-height-default\" data-id=\"2a17946\" data-element_type=\"section\" data-settings=\"{&quot;stretch_section&quot;:&quot;section-stretched&quot;,&quot;background_background&quot;:&quot;classic&quot;}\">\n\t\t\t\t\t\t<div class=\"elementor-container elementor-column-gap-default\">\n\t\t\t\t\t<div class=\"elementor-column elementor-col-100 elementor-top-column elementor-element elementor-element-14766b9 elementor-invisible\" data-id=\"14766b9\" data-element_type=\"column\" data-settings=\"{&quot;animation&quot;:&quot;fadeInLeft&quot;,&quot;background_background&quot;:&quot;classic&quot;}\">\n\t\t\t<div class=\"elementor-widget-wrap elementor-element-populated\">\n\t\t\t\t\t\t\t\t<div class=\"elementor-element elementor-element-e73f2fb elementor-widget elementor-widget-text-editor\" data-id=\"e73f2fb\" data-element_type=\"widget\" data-widget_type=\"text-editor.default\">\n\t\t\t\t<div class=\"elementor-widget-container\">\n\t\t\t<style>\/*! elementor - v3.18.0 - 20-12-2023 *\/\n.elementor-widget-text-editor.elementor-drop-cap-view-stacked .elementor-drop-cap{background-color:#69727d;color:#fff}.elementor-widget-text-editor.elementor-drop-cap-view-framed .elementor-drop-cap{color:#69727d;border:3px solid;background-color:transparent}.elementor-widget-text-editor:not(.elementor-drop-cap-view-default) .elementor-drop-cap{margin-top:8px}.elementor-widget-text-editor:not(.elementor-drop-cap-view-default) .elementor-drop-cap-letter{width:1em;height:1em}.elementor-widget-text-editor .elementor-drop-cap{float:left;text-align:center;line-height:1;font-size:50px}.elementor-widget-text-editor .elementor-drop-cap-letter{display:inline-block}<\/style>\t\t\t\t<h4 style=\"color: #000;\">PhD (in English) in History on the Arabian Peninsula 1963-2020<\/h4>\n<pre><strong>publi\u00e9 le 8 juin 2021, mis \u00e0 jour le 1er novembre 2021 \u00e0 07h10min<\/strong><\/pre>\nCette base de donn\u00e9es recense une grande partie des th\u00e8ses anglophones, en Histoire, sur la p\u00e9ninsule Arabique (349 th\u00e8ses) et soutenues entre 1963 et 2020. Les th\u00e8ses sont organis\u00e9es par grandes \u00e9poques historiques, et sont ensuite class\u00e9es par date de soutenance, auteur et aire g\u00e9ographique concern\u00e9e. Un tableau statistique est disponible \u00e0 la fin du document, afin d\u2019observer les grandes tendances. Ce travail a \u00e9t\u00e9 r\u00e9alis\u00e9 gr\u00e2ce aux donn\u00e9es disponibles sur les sites Ethos (British Library) ; South African National ETD Portal ; Library and Archives Canada ; OATD (Open Access Thesis and Dissertations) ; NDTLD Global ETD Search et New Zealand research.\n\nThis database lists a large number of English-language PhD in History, on the Arabian Peninsula (349 PhD), defended between 1963 and 2020. The PhD are organized by major historical periods, and are then classified by date of defense, author and geographical area. A statistical table is available at the end of the document, in order to observe the main trends. This work was carried out thanks to data available on the following websites : Ethos (British Library) ; South African National ETD Portal ; Library and Archives Canada ; OATD (Open Access Thesis and Dissertations) ; NDTLD Global ETD Search and New Zealand research.\n\n<b>Documents joints<\/b>\n<ul>\n \t<li><a href=\"https:\/\/cefrepa.cnrs.fr\/wp-content\/uploads\/2023\/01\/theses_in_history_1963_2020.pdf\">theses_in_history_1963_2020.pdf <\/a><\/li>\n<\/ul>\t\t\t\t\t\t<\/div>\n\t\t\t\t<\/div>\n\t\t\t\t\t<\/div>\n\t\t<\/div>\n\t\t\t\t\t\t\t<\/div>\n\t\t<\/section>\n\t\t\t\t\t\t\t<\/div>\n\t\t","protected":false},"excerpt":{"rendered":"<p>Th\u00e8ses en fran\u00e7ais et en anglais sur la P\u00e9ninsule Arabique PhD (in English) in History on the Arabian Peninsula 1963-2020 publi\u00e9 le 8 juin 2021,&#8230;<\/p>\n","protected":false},"author":1,"featured_media":0,"parent":0,"menu_order":0,"comment_status":"closed","ping_status":"closed","template":"","meta":{"footnotes":""},"_links":{"self":[{"href":"https:\/\/cefrepa.cnrs.fr\/fr\/wp-json\/wp\/v2\/pages\/9236"}],"collection":[{"href":"https:\/\/cefrepa.cnrs.fr\/fr\/wp-json\/wp\/v2\/pages"}],"about":[{"href":"https:\/\/cefrepa.cnrs.fr\/fr\/wp-json\/wp\/v2\/types\/page"}],"author":[{"embeddable":true,"href":"https:\/\/cefrepa.cnrs.fr\/fr\/wp-json\/wp\/v2\/users\/1"}],"replies":[{"embeddable":true,"href":"https:\/\/cefrepa.cnrs.fr\/fr\/wp-json\/wp\/v2\/comments?post=9236"}],"version-history":[{"count":25,"href":"https:\/\/cefrepa.cnrs.fr\/fr\/wp-json\/wp\/v2\/pages\/9236\/revisions"}],"predecessor-version":[{"id":10065,"href":"https:\/\/cefrepa.cnrs.fr\/fr\/wp-json\/wp\/v2\/pages\/9236\/revisions\/10065"}],"wp:attachment":[{"href":"https:\/\/cefrepa.cnrs.fr\/fr\/wp-json\/wp\/v2\/media?parent=9236"}],"curies":[{"name":"wp","href":"https:\/\/api.w.org\/{rel}","templated":true}]}}