{"id":9310,"date":"2023-01-30T05:02:59","date_gmt":"2023-01-30T05:02:59","guid":{"rendered":"https:\/\/cefrepa.cnrs.fr\/?page_id=9310"},"modified":"2023-08-02T06:07:24","modified_gmt":"2023-08-02T06:07:24","slug":"axe-vi","status":"publish","type":"page","link":"https:\/\/cefrepa.cnrs.fr\/fr\/axe-vi\/","title":{"rendered":"Axe Transversal I &#8211; La p\u00e9ninsule Arabique entre la fin de l\u2019Antiquit\u00e9 tardive et le d\u00e9but de l\u2019islam"},"content":{"rendered":"\t\t<div data-elementor-type=\"wp-page\" data-elementor-id=\"9310\" class=\"elementor elementor-9310\">\n\t\t\t\t\t\t\t\t\t<section class=\"elementor-section elementor-top-section elementor-element elementor-element-687ebab elementor-section-full_width elementor-section-stretched elementor-section-height-default elementor-section-height-default\" data-id=\"687ebab\" data-element_type=\"section\" data-settings=\"{&quot;stretch_section&quot;:&quot;section-stretched&quot;,&quot;background_background&quot;:&quot;classic&quot;}\">\n\t\t\t\t\t\t\t<div class=\"elementor-background-overlay\"><\/div>\n\t\t\t\t\t\t\t<div class=\"elementor-container elementor-column-gap-default\">\n\t\t\t\t\t<div class=\"elementor-column elementor-col-100 elementor-top-column elementor-element elementor-element-652bb65b\" data-id=\"652bb65b\" data-element_type=\"column\">\n\t\t\t<div class=\"elementor-widget-wrap elementor-element-populated\">\n\t\t\t\t\t\t\t\t<div class=\"elementor-element elementor-element-2319b3fa elementor-widget elementor-widget-heading\" data-id=\"2319b3fa\" data-element_type=\"widget\" data-widget_type=\"heading.default\">\n\t\t\t\t<div class=\"elementor-widget-container\">\n\t\t\t<style>\/*! elementor - v3.18.0 - 20-12-2023 *\/\n.elementor-heading-title{padding:0;margin:0;line-height:1}.elementor-widget-heading .elementor-heading-title[class*=elementor-size-]>a{color:inherit;font-size:inherit;line-height:inherit}.elementor-widget-heading .elementor-heading-title.elementor-size-small{font-size:15px}.elementor-widget-heading .elementor-heading-title.elementor-size-medium{font-size:19px}.elementor-widget-heading .elementor-heading-title.elementor-size-large{font-size:29px}.elementor-widget-heading .elementor-heading-title.elementor-size-xl{font-size:39px}.elementor-widget-heading .elementor-heading-title.elementor-size-xxl{font-size:59px}<\/style><h2 class=\"elementor-heading-title elementor-size-default\">Axe Transversal I<\/h2>\t\t<\/div>\n\t\t\t\t<\/div>\n\t\t\t\t\t<\/div>\n\t\t<\/div>\n\t\t\t\t\t\t\t<\/div>\n\t\t<\/section>\n\t\t\t\t<section class=\"elementor-section elementor-top-section elementor-element elementor-element-2d3bc6e0 elementor-section-full_width elementor-section-stretched elementor-section-height-default elementor-section-height-default\" data-id=\"2d3bc6e0\" data-element_type=\"section\" data-settings=\"{&quot;stretch_section&quot;:&quot;section-stretched&quot;,&quot;background_background&quot;:&quot;classic&quot;}\">\n\t\t\t\t\t\t<div class=\"elementor-container elementor-column-gap-default\">\n\t\t\t\t\t<div class=\"elementor-column elementor-col-50 elementor-top-column elementor-element elementor-element-4b385461 elementor-invisible\" data-id=\"4b385461\" data-element_type=\"column\" data-settings=\"{&quot;animation&quot;:&quot;fadeInLeft&quot;,&quot;background_background&quot;:&quot;classic&quot;}\">\n\t\t\t<div class=\"elementor-widget-wrap elementor-element-populated\">\n\t\t\t\t\t\t\t\t<div class=\"elementor-element elementor-element-5457a9de elementor-widget elementor-widget-loquet-heading-widget\" data-id=\"5457a9de\" data-element_type=\"widget\" data-widget_type=\"loquet-heading-widget.default\">\n\t\t\t\t<div class=\"elementor-widget-container\">\n\t\t\t<div class=\"gt-module-title gt-style-1 gt-align-left gt-light\"><div class=\"gt-sub-title\"><span>Axe Transversal I<\/span><\/div><div class=\"gt-title\">La p\u00e9ninsule Arabique entre la fin de l\u2019Antiquit\u00e9 tardive et le d\u00e9but de l\u2019islam<\/div><\/div>\t\t<\/div>\n\t\t\t\t<\/div>\n\t\t\t\t<div class=\"elementor-element elementor-element-58e8ed1e elementor-widget elementor-widget-text-editor\" data-id=\"58e8ed1e\" data-element_type=\"widget\" data-widget_type=\"text-editor.default\">\n\t\t\t\t<div class=\"elementor-widget-container\">\n\t\t\t<style>\/*! elementor - v3.18.0 - 20-12-2023 *\/\n.elementor-widget-text-editor.elementor-drop-cap-view-stacked .elementor-drop-cap{background-color:#69727d;color:#fff}.elementor-widget-text-editor.elementor-drop-cap-view-framed .elementor-drop-cap{color:#69727d;border:3px solid;background-color:transparent}.elementor-widget-text-editor:not(.elementor-drop-cap-view-default) .elementor-drop-cap{margin-top:8px}.elementor-widget-text-editor:not(.elementor-drop-cap-view-default) .elementor-drop-cap-letter{width:1em;height:1em}.elementor-widget-text-editor .elementor-drop-cap{float:left;text-align:center;line-height:1;font-size:50px}.elementor-widget-text-editor .elementor-drop-cap-letter{display:inline-block}<\/style>\t\t\t\tCet axe vise \u00e0 confronter les travaux des arch\u00e9ologues avec ceux des \u00e9pigraphistes, des historiens et des sp\u00e9cialistes de la pens\u00e9e politique pour interroger la naissance en Arabie au d\u00e9but du VIIe si\u00e8cle, non seulement d\u2019une nouvelle religion, l\u2019islam, mais aussi de nouvelles structures de pouvoir qui vont bouleverser sur le plan administratif, culturel et linguistique des pays qui s\u2019entendent des confins de la Chine jusqu\u2019en Espagne. \t\t\t\t\t\t<\/div>\n\t\t\t\t<\/div>\n\t\t\t\t\t<\/div>\n\t\t<\/div>\n\t\t\t\t<div class=\"elementor-column elementor-col-50 elementor-top-column elementor-element elementor-element-5c7c4a21 elementor-invisible\" data-id=\"5c7c4a21\" data-element_type=\"column\" data-settings=\"{&quot;animation&quot;:&quot;fadeInRight&quot;}\">\n\t\t\t<div class=\"elementor-widget-wrap elementor-element-populated\">\n\t\t\t\t\t\t\t\t<div class=\"elementor-element elementor-element-30e23913 elementor-widget elementor-widget-image\" data-id=\"30e23913\" data-element_type=\"widget\" data-widget_type=\"image.default\">\n\t\t\t\t<div class=\"elementor-widget-container\">\n\t\t\t<style>\/*! elementor - v3.18.0 - 20-12-2023 *\/\n.elementor-widget-image{text-align:center}.elementor-widget-image a{display:inline-block}.elementor-widget-image a img[src$=\".svg\"]{width:48px}.elementor-widget-image img{vertical-align:middle;display:inline-block}<\/style>\t\t\t\t\t\t\t\t\t\t\t\t\t<a href=\"https:\/\/cefrepa.cnrs.fr\/wp-content\/uploads\/2023\/01\/Bahla-fort.jpg\" data-elementor-open-lightbox=\"yes\" data-elementor-lightbox-title=\"Bahla-fort\" data-e-action-hash=\"#elementor-action%3Aaction%3Dlightbox%26settings%3DeyJpZCI6OTMxOCwidXJsIjoiaHR0cHM6XC9cL2NlZnJlcGEuY25ycy5mclwvd3AtY29udGVudFwvdXBsb2Fkc1wvMjAyM1wvMDFcL0JhaGxhLWZvcnQuanBnIn0%3D\">\n\t\t\t\t\t\t\t<img fetchpriority=\"high\" decoding=\"async\" width=\"500\" height=\"500\" src=\"https:\/\/cefrepa.cnrs.fr\/wp-content\/uploads\/2023\/01\/Bahla-fort.jpg\" class=\"elementor-animation-wobble-to-top-right attachment-full size-full wp-image-9318\" alt=\"\" srcset=\"https:\/\/cefrepa.cnrs.fr\/wp-content\/uploads\/2023\/01\/Bahla-fort.jpg 500w, https:\/\/cefrepa.cnrs.fr\/wp-content\/uploads\/2023\/01\/Bahla-fort-300x300.jpg 300w, https:\/\/cefrepa.cnrs.fr\/wp-content\/uploads\/2023\/01\/Bahla-fort-150x150.jpg 150w, https:\/\/cefrepa.cnrs.fr\/wp-content\/uploads\/2023\/01\/Bahla-fort-100x100.jpg 100w, https:\/\/cefrepa.cnrs.fr\/wp-content\/uploads\/2023\/01\/Bahla-fort-350x350.jpg 350w, https:\/\/cefrepa.cnrs.fr\/wp-content\/uploads\/2023\/01\/Bahla-fort-415x415.jpg 415w, https:\/\/cefrepa.cnrs.fr\/wp-content\/uploads\/2023\/01\/Bahla-fort-250x250.jpg 250w, https:\/\/cefrepa.cnrs.fr\/wp-content\/uploads\/2023\/01\/Bahla-fort-400x400.jpg 400w\" sizes=\"(max-width: 500px) 100vw, 500px\" \/>\t\t\t\t\t\t\t\t<\/a>\n\t\t\t\t\t\t\t\t\t\t\t\t\t\t\t<\/div>\n\t\t\t\t<\/div>\n\t\t\t\t\t<\/div>\n\t\t<\/div>\n\t\t\t\t\t\t\t<\/div>\n\t\t<\/section>\n\t\t\t\t<section class=\"elementor-section elementor-top-section elementor-element elementor-element-6b7ff5a4 elementor-section-full_width elementor-section-stretched elementor-section-height-default elementor-section-height-default\" data-id=\"6b7ff5a4\" data-element_type=\"section\" data-settings=\"{&quot;stretch_section&quot;:&quot;section-stretched&quot;,&quot;background_background&quot;:&quot;classic&quot;}\">\n\t\t\t\t\t\t<div class=\"elementor-container elementor-column-gap-default\">\n\t\t\t\t\t<div class=\"elementor-column elementor-col-100 elementor-top-column elementor-element elementor-element-3df90e00 elementor-invisible\" data-id=\"3df90e00\" data-element_type=\"column\" data-settings=\"{&quot;animation&quot;:&quot;fadeInLeft&quot;,&quot;background_background&quot;:&quot;classic&quot;}\">\n\t\t\t<div class=\"elementor-widget-wrap elementor-element-populated\">\n\t\t\t\t\t\t\t\t<div class=\"elementor-element elementor-element-28ba92ca elementor-widget elementor-widget-text-editor\" data-id=\"28ba92ca\" data-element_type=\"widget\" data-widget_type=\"text-editor.default\">\n\t\t\t\t<div class=\"elementor-widget-container\">\n\t\t\t\t\t\t\tEn consultant en plus des sources textuelles les donn\u00e9es mat\u00e9rielles provenant des r\u00e9centes d\u00e9couvertes arch\u00e9ologiques, cet axe entend r\u00e9viser certaines th\u00e8ses qui ont pr\u00e9valu dans la recherche sur le d\u00e9but de l\u2019islam, et dont la teneur id\u00e9ologique ou la fragilit\u00e9 m\u00e9thodologique peuvent \u00eatre d\u00e9pass\u00e9es par la mise \u00e0 contribution de plusieurs disciplines des sciences humaines et sociales. C\u2019est le cas par exemple de la pr\u00e9sentation de l\u2019Arabie ant\u00e9islamique par les certains penseurs arabes contemporains comme un espace d\u2019ignorance sur le plan scientifique et de polyth\u00e9isme sur le plan religieux, (J\u00e2hiliyya) alors que plusieurs projets arch\u00e9ologiques r\u00e9cents ont mis en \u00e9vidence la pr\u00e9sence du monoth\u00e9isme (permanence du christianisme dans le Golfe comme le montrent les fouilles r\u00e9centes \u00e0 Fa\u00eflka au Kowe\u00eft) et montr\u00e9 que la p\u00e9riode antique en Arabie \u00e9tait marqu\u00e9e par la pr\u00e9sence de plusieurs royaumes structur\u00e9es par le commerce caravanier et en contact permanent avec les grandes civilisations voisines. D\u2019autres d\u00e9couvertes remontant au n\u00e9olithique ou concernant des p\u00e9riode ult\u00e9rieures (d\u00e9couvertes d\u2019inscriptions rupestres \u00e0 Khaybar, mise au jour du Camel Site) confirment l\u2019anciennet\u00e9 et la permanence de l\u2019occupation des territoires de l\u2019Arabie pendant des mill\u00e9naires, et r\u00e9v\u00e8lent \u00e0 quel point les peuples qui s\u2019y sont succ\u00e9d\u00e9s ont jou\u00e9 un r\u00f4le important dans les \u00e9changes commerciaux, culturels et linguistiques. Les donn\u00e9es mat\u00e9rielles de l\u2019arch\u00e9ologie permettent donc de nuancer des interpr\u00e9tations approximatives ou fantaisistes bas\u00e9es uniquement sur quelques textes, et montrent la mani\u00e8re dont un discours peut \u00eatre construit de toute pi\u00e8ce pour servir une lecture biais\u00e9e ou objectif id\u00e9ologique.  \t\t\t\t\t\t<\/div>\n\t\t\t\t<\/div>\n\t\t\t\t<div class=\"elementor-element elementor-element-8e86fc9 elementor-widget elementor-widget-text-editor\" data-id=\"8e86fc9\" data-element_type=\"widget\" data-widget_type=\"text-editor.default\">\n\t\t\t\t<div class=\"elementor-widget-container\">\n\t\t\t\t\t\t\tAu-del\u00e0 des d\u00e9marches sceptiques (comme celles de Marghilouth et de Taha Hussein \u00e0 propos de la po\u00e9sie ant\u00e9islamique ou de John Wansbrough et de \u00e9l\u00e8ves \u00e0 propos de la datation du Coran) qui sont parties d\u2019un postulat m\u00e9thodologique consistant \u00e0 mettre en doute la validit\u00e9 des sources arabes et islamiques pour comprendre l\u2019histoire de l\u2019islam et de l\u2019Arabie, cet axe tente d\u2019aborder ces sujets importants en mettant \u00e0 contribution l\u2019ensemble des savoirs disponibles et en cr\u00e9ant un espace de d\u00e9bat entre des disciplines qui parfois se tournent le dos les unes aux autres. Le s\u00e9minaire \u00ab J\u00e2hiliyya \u00bb fond\u00e9 et pilot\u00e9 par Eric Vallet illustre l\u2019esprit de cet axe d\u00e9di\u00e9 \u00e0 l\u2019examen de la mani\u00e8re dont l\u2019histoire de l\u2019islam fut \u00e9crite par certains auteurs anciens ou contemporains, et \u00e0 l\u2019\u00e9tude des diff\u00e9rentes sources qui permettent d\u2019avoir une id\u00e9e aussi compl\u00e8te que possible sur la situation de l\u2019Arabie avant l\u2019av\u00e8nement de l\u2019islam et les conditions historiques qui ont entour\u00e9 la naissance de cette nouvelle religion. D\u2019autres projets arch\u00e9ologiques en cours pilot\u00e9s par des chercheurs associ\u00e9s au CEFREPA (Khaybar) ou les publications r\u00e9centes des historiens et des \u00e9pigraphistes (Mounir Arbach, Christian Robin et Alessia Prioletta) vont dans le m\u00eame sens et nourrissent la r\u00e9flexion sur une possible r\u00e9\u00e9criture de certains dossiers ou, inversement, la confirmation des lectures adopt\u00e9es par les auteurs musulmans de l\u2019\u00e9poque m\u00e9di\u00e9vale.  \t\t\t\t\t\t<\/div>\n\t\t\t\t<\/div>\n\t\t\t\t\t<\/div>\n\t\t<\/div>\n\t\t\t\t\t\t\t<\/div>\n\t\t<\/section>\n\t\t\t\t\t\t\t<\/div>\n\t\t","protected":false},"excerpt":{"rendered":"<p>Axe Transversal I Axe Transversal ILa p\u00e9ninsule Arabique entre la fin de l\u2019Antiquit\u00e9 tardive et le d\u00e9but de l\u2019islam Cet axe vise \u00e0 confronter les&#8230;<\/p>\n","protected":false},"author":1,"featured_media":0,"parent":0,"menu_order":0,"comment_status":"closed","ping_status":"closed","template":"","meta":{"footnotes":""},"_links":{"self":[{"href":"https:\/\/cefrepa.cnrs.fr\/fr\/wp-json\/wp\/v2\/pages\/9310"}],"collection":[{"href":"https:\/\/cefrepa.cnrs.fr\/fr\/wp-json\/wp\/v2\/pages"}],"about":[{"href":"https:\/\/cefrepa.cnrs.fr\/fr\/wp-json\/wp\/v2\/types\/page"}],"author":[{"embeddable":true,"href":"https:\/\/cefrepa.cnrs.fr\/fr\/wp-json\/wp\/v2\/users\/1"}],"replies":[{"embeddable":true,"href":"https:\/\/cefrepa.cnrs.fr\/fr\/wp-json\/wp\/v2\/comments?post=9310"}],"version-history":[{"count":21,"href":"https:\/\/cefrepa.cnrs.fr\/fr\/wp-json\/wp\/v2\/pages\/9310\/revisions"}],"predecessor-version":[{"id":11783,"href":"https:\/\/cefrepa.cnrs.fr\/fr\/wp-json\/wp\/v2\/pages\/9310\/revisions\/11783"}],"wp:attachment":[{"href":"https:\/\/cefrepa.cnrs.fr\/fr\/wp-json\/wp\/v2\/media?parent=9310"}],"curies":[{"name":"wp","href":"https:\/\/api.w.org\/{rel}","templated":true}]}}